{"id":600,"date":"2024-01-17T14:38:25","date_gmt":"2024-01-17T14:38:25","guid":{"rendered":"https:\/\/avaxplus.com\/?page_id=600"},"modified":"2025-08-26T14:38:47","modified_gmt":"2025-08-26T11:38:47","slug":"photos-and-videos","status":"publish","type":"page","link":"https:\/\/avaxplus.com\/tr\/photos-and-videos\/","title":{"rendered":"FOTO\u011eRAFLAR VE V\u0130DEOLAR"},"content":{"rendered":"<div data-elementor-type=\"wp-page\" data-elementor-id=\"600\" class=\"elementor elementor-600\">\n\t\t\t\t<div class=\"elementor-element elementor-element-609d3fa e-flex e-con-boxed e-con e-parent\" data-id=\"609d3fa\" data-element_type=\"container\">\n\t\t\t\t\t<div class=\"e-con-inner\">\n\t\t<div class=\"elementor-element elementor-element-775e070 e-con-full e-flex e-con e-child\" data-id=\"775e070\" data-element_type=\"container\">\n\t\t\t\t<\/div>\n\t\t<div class=\"elementor-element elementor-element-4e06e3a e-con-full e-flex e-con e-child\" data-id=\"4e06e3a\" data-element_type=\"container\">\n\t\t\t\t<div class=\"elementor-element elementor-element-4f9c337 elementor-align-center elementor-widget elementor-widget-raven-heading\" data-id=\"4f9c337\" data-element_type=\"widget\" data-widget_type=\"raven-heading.default\">\n\t\t\t\t<div class=\"elementor-widget-container\">\n\t\t\t\t\t<div class=\"raven-widget-wrapper\"><h2 class=\"raven-heading raven-heading-h2\"><span class=\"raven-heading-title\">FOTO\u011eRAFLAR VE V\u0130DEOLAR<\/span><\/h2><\/div>\r\n\t\t\t\t<\/div>\n\t\t\t\t<\/div>\n\t\t\t\t<div class=\"elementor-element elementor-element-c55ca36 elementor-widget elementor-widget-text-editor\" data-id=\"c55ca36\" data-element_type=\"widget\" data-widget_type=\"text-editor.default\">\n\t\t\t\t<div class=\"elementor-widget-container\">\n\t\t\t\t\t\t\t<p>Al\u00fcminyum ithalat-ihracat yolculu\u011fumuzu, \u00f6nemli anlar\u0131 ve giri\u015fimleri yakalayan \u00f6zenle haz\u0131rlanm\u0131\u015f bir galeri arac\u0131l\u0131\u011f\u0131yla ke\u015ffedin.<\/p>\t\t\t\t\t\t<\/div>\n\t\t\t\t<\/div>\n\t\t\t\t<\/div>\n\t\t<div class=\"elementor-element elementor-element-0c6019b e-con-full e-flex e-con e-child\" data-id=\"0c6019b\" data-element_type=\"container\">\n\t\t\t\t<\/div>\n\t\t<div class=\"elementor-element elementor-element-adb5e93 e-con-full e-flex e-con e-child\" data-id=\"adb5e93\" data-element_type=\"container\">\n\t\t\t\t<div class=\"elementor-element elementor-element-598148f content-visibility-hover-visible gallery-layout-grid content-layout-overlay video-preview-player content-animation-fade-in sticky-filter-bar-false elementor-widget elementor-widget-raven-media-gallery\" data-id=\"598148f\" data-element_type=\"widget\" data-settings=\"{&quot;content_layout_hover_visible&quot;:&quot;overlay&quot;,&quot;all_filter&quot;:&quot;show&quot;}\" data-widget_type=\"raven-media-gallery.default\">\n\t\t\t\t<div class=\"elementor-widget-container\">\n\t\t\t<div class=\"raven-media-gallery-wrapper\"><div class=\"raven-media-gallery-tab-contents\"><div data-raven-content-index=\"0\" class=\"content active\">\t\t<div class=\"gallery-item\" data-elementor-lightbox='{&quot;type&quot;:&quot;html&quot;,&quot;html&quot;:&quot;&lt;div class=\\&quot;raven-media-gallery-lightbox-item type-video hosted-video\\&quot;&gt;&lt;video autoplay controls poster=\\&quot;\\&quot;&gt;&lt;source src=\\&quot;https:\\\/\\\/avaxplus.com\\\/wp-content\\\/uploads\\\/2025\\\/08\\\/IMG_1001.mov\\&quot;&gt;&lt;\\\/video&gt;&lt;\\\/div&gt;&quot;,&quot;modalOptions&quot;:{&quot;id&quot;:&quot;all-598148f&quot;}}'>\r\n\t\t\t<div class=\"type-video self-hosted\">\r\n\t\t\t\t\t\t\t\t\t<video controls poster=\" \">\r\n\t\t\t\t\t\t<source src=\"https:\/\/avaxplus.com\/wp-content\/uploads\/2025\/08\/IMG_1001.mov\">\r\n\t\t\t\t\t<\/video>\r\n\t\t\t\t\t\t\t<\/div>\r\n\t\t\t\t\t<div class=\"overlay\">\r\n\t\t\t\t\t\t\t<p class=\"title\">\r\n\t\t\t\t\t\t\t\t\t<\/p>\r\n\t\t\t\t\t\t\t<p class=\"caption\">\r\n\t\t\t\t\t\t\t\t\t<\/p>\r\n\t\t\t\t\t\t\t<p class=\"description\">\r\n\t\t\t\t\t\t\t\t\t<\/p>\r\n\t\t\t\t\t<\/div>\r\n\t\t\t\t<\/div>\r\n\t\t\t\t<div class=\"gallery-item\" data-elementor-lightbox='{&quot;type&quot;:&quot;html&quot;,&quot;html&quot;:&quot;&lt;div class=\\&quot;raven-media-gallery-lightbox-item type-video hosted-video\\&quot;&gt;&lt;video autoplay controls poster=\\&quot;\\&quot;&gt;&lt;source src=\\&quot;https:\\\/\\\/avaxplus.com\\\/wp-content\\\/uploads\\\/2025\\\/03\\\/lv_0_20250310154550.mp4\\&quot;&gt;&lt;\\\/video&gt;&lt;\\\/div&gt;&quot;,&quot;modalOptions&quot;:{&quot;id&quot;:&quot;all-598148f&quot;}}'>\r\n\t\t\t<div class=\"type-video self-hosted\">\r\n\t\t\t\t\t\t\t\t\t<video controls poster=\" \">\r\n\t\t\t\t\t\t<source src=\"https:\/\/avaxplus.com\/wp-content\/uploads\/2025\/03\/lv_0_20250310154550.mp4\">\r\n\t\t\t\t\t<\/video>\r\n\t\t\t\t\t\t\t<\/div>\r\n\t\t\t\t\t<div class=\"overlay\">\r\n\t\t\t\t\t\t\t<p class=\"title\">\r\n\t\t\t\t\t\t\t\t\t<\/p>\r\n\t\t\t\t\t\t\t<p class=\"caption\">\r\n\t\t\t\t\t\t\t\t\t<\/p>\r\n\t\t\t\t\t\t\t<p class=\"description\">\r\n\t\t\t\t\t\t\t\t\t<\/p>\r\n\t\t\t\t\t<\/div>\r\n\t\t\t\t<\/div>\r\n\t\t\t\t<a class=\"gallery-item\" href=\"https:\/\/avaxplus.com\/wp-content\/uploads\/2024\/01\/WhatsApp-Image-2024-01-17-at-10.42.02-1.jpeg\" data-elementor-open-lightbox=\"yes\" data-elementor-lightbox-slideshow=\"all-598148f\">\r\n\t\t\t<div class=\"type-image\">\r\n\t\t\t\t<div class=\"poster\">\r\n\t\t\t\t\t\t\t\t\t\t<img decoding=\"async\" loading=\"lazy\" src=\"https:\/\/avaxplus.com\/wp-content\/uploads\/2024\/01\/WhatsApp-Image-2024-01-17-at-10.42.02-1.jpeg\" alt=\"\">\r\n\t\t\t\t<\/div>\r\n\t\t\t<\/div>\r\n\t\t\t\t\t<div class=\"overlay\">\r\n\t\t\t\t\t\t\t<p class=\"title\">\r\n\t\t\t\t\tAluminum Billet\t\t\t\t<\/p>\r\n\t\t\t\t\t\t\t<p class=\"caption\">\r\n\t\t\t\t\t\t\t\t\t<\/p>\r\n\t\t\t\t\t\t\t<p class=\"description\">\r\n\t\t\t\t\t\t\t\t\t<\/p>\r\n\t\t\t\t\t<\/div>\r\n\t\t\t\t<\/a>\r\n\t\t\t\t<a class=\"gallery-item\" href=\"https:\/\/avaxplus.com\/wp-content\/uploads\/2024\/01\/WhatsApp-Image-2024-01-17-at-11.05.00.jpeg\" data-elementor-open-lightbox=\"yes\" data-elementor-lightbox-slideshow=\"all-598148f\">\r\n\t\t\t<div class=\"type-image\">\r\n\t\t\t\t<div class=\"poster\">\r\n\t\t\t\t\t\t\t\t\t\t<img decoding=\"async\" loading=\"lazy\" src=\"https:\/\/avaxplus.com\/wp-content\/uploads\/2024\/01\/WhatsApp-Image-2024-01-17-at-11.05.00.jpeg\" alt=\"\">\r\n\t\t\t\t<\/div>\r\n\t\t\t<\/div>\r\n\t\t\t\t\t<div class=\"overlay\">\r\n\t\t\t\t\t\t\t<p class=\"title\">\r\n\t\t\t\t\tAluminum Profile\t\t\t\t<\/p>\r\n\t\t\t\t\t\t\t<p class=\"caption\">\r\n\t\t\t\t\t\t\t\t\t<\/p>\r\n\t\t\t\t\t\t\t<p class=\"description\">\r\n\t\t\t\t\t\t\t\t\t<\/p>\r\n\t\t\t\t\t<\/div>\r\n\t\t\t\t<\/a>\r\n\t\t\t\t<a class=\"gallery-item\" href=\"https:\/\/avaxplus.com\/wp-content\/uploads\/2024\/01\/WhatsApp-Image-2024-01-17-at-10.43.28.jpeg\" data-elementor-open-lightbox=\"yes\" data-elementor-lightbox-slideshow=\"all-598148f\">\r\n\t\t\t<div class=\"type-image\">\r\n\t\t\t\t<div class=\"poster\">\r\n\t\t\t\t\t\t\t\t\t\t<img decoding=\"async\" loading=\"lazy\" src=\"https:\/\/avaxplus.com\/wp-content\/uploads\/2024\/01\/WhatsApp-Image-2024-01-17-at-10.43.28.jpeg\" alt=\"\">\r\n\t\t\t\t<\/div>\r\n\t\t\t<\/div>\r\n\t\t\t\t\t<div class=\"overlay\">\r\n\t\t\t\t\t\t\t<p class=\"title\">\r\n\t\t\t\t\tHematite And Chromite\t\t\t\t<\/p>\r\n\t\t\t\t\t\t\t<p class=\"caption\">\r\n\t\t\t\t\t\t\t\t\t<\/p>\r\n\t\t\t\t\t\t\t<p class=\"description\">\r\n\t\t\t\t\t\t\t\t\t<\/p>\r\n\t\t\t\t\t<\/div>\r\n\t\t\t\t<\/a>\r\n\t\t\t\t<a class=\"gallery-item\" href=\"https:\/\/avaxplus.com\/wp-content\/uploads\/2024\/01\/2024-01-06-16.47.35.jpg\" data-elementor-open-lightbox=\"yes\" data-elementor-lightbox-slideshow=\"all-598148f\">\r\n\t\t\t<div class=\"type-image\">\r\n\t\t\t\t<div class=\"poster\">\r\n\t\t\t\t\t\t\t\t\t\t<img decoding=\"async\" loading=\"lazy\" src=\"https:\/\/avaxplus.com\/wp-content\/uploads\/2024\/01\/2024-01-06-16.47.35.jpg\" alt=\"\">\r\n\t\t\t\t<\/div>\r\n\t\t\t<\/div>\r\n\t\t\t\t\t<div class=\"overlay\">\r\n\t\t\t\t\t\t\t<p class=\"title\">\r\n\t\t\t\t\tVisiting the Aluminum Exhibition in Istanbul\t\t\t\t<\/p>\r\n\t\t\t\t\t\t\t<p class=\"caption\">\r\n\t\t\t\t\t\t\t\t\t<\/p>\r\n\t\t\t\t\t\t\t<p class=\"description\">\r\n\t\t\t\t\t\t\t\t\t<\/p>\r\n\t\t\t\t\t<\/div>\r\n\t\t\t\t<\/a>\r\n\t\t\t\t<a class=\"gallery-item\" href=\"https:\/\/avaxplus.com\/wp-content\/uploads\/2024\/01\/WhatsApp-Image-2024-01-17-at-10.41.00.jpeg\" data-elementor-open-lightbox=\"yes\" data-elementor-lightbox-slideshow=\"all-598148f\">\r\n\t\t\t<div class=\"type-image\">\r\n\t\t\t\t<div class=\"poster\">\r\n\t\t\t\t\t\t\t\t\t\t<img decoding=\"async\" loading=\"lazy\" src=\"https:\/\/avaxplus.com\/wp-content\/uploads\/2024\/01\/WhatsApp-Image-2024-01-17-at-10.41.00.jpeg\" alt=\"\">\r\n\t\t\t\t<\/div>\r\n\t\t\t<\/div>\r\n\t\t\t\t\t<div class=\"overlay\">\r\n\t\t\t\t\t\t\t<p class=\"title\">\r\n\t\t\t\t\tAluminum Profile\t\t\t\t<\/p>\r\n\t\t\t\t\t\t\t<p class=\"caption\">\r\n\t\t\t\t\t\t\t\t\t<\/p>\r\n\t\t\t\t\t\t\t<p class=\"description\">\r\n\t\t\t\t\t\t\t\t\t<\/p>\r\n\t\t\t\t\t<\/div>\r\n\t\t\t\t<\/a>\r\n\t\t\t\t<a class=\"gallery-item\" href=\"https:\/\/avaxplus.com\/wp-content\/uploads\/2024\/01\/WhatsApp-Image-2024-01-17-at-10.41.17.jpeg\" data-elementor-open-lightbox=\"yes\" data-elementor-lightbox-slideshow=\"all-598148f\">\r\n\t\t\t<div class=\"type-image\">\r\n\t\t\t\t<div class=\"poster\">\r\n\t\t\t\t\t\t\t\t\t\t<img decoding=\"async\" loading=\"lazy\" src=\"https:\/\/avaxplus.com\/wp-content\/uploads\/2024\/01\/WhatsApp-Image-2024-01-17-at-10.41.17.jpeg\" alt=\"\">\r\n\t\t\t\t<\/div>\r\n\t\t\t<\/div>\r\n\t\t\t\t\t<div class=\"overlay\">\r\n\t\t\t\t\t\t\t<p class=\"title\">\r\n\t\t\t\t\tAluminum Sheet\t\t\t\t<\/p>\r\n\t\t\t\t\t\t\t<p class=\"caption\">\r\n\t\t\t\t\t\t\t\t\t<\/p>\r\n\t\t\t\t\t\t\t<p class=\"description\">\r\n\t\t\t\t\t\t\t\t\t<\/p>\r\n\t\t\t\t\t<\/div>\r\n\t\t\t\t<\/a>\r\n\t\t\t\t<a class=\"gallery-item\" href=\"https:\/\/avaxplus.com\/wp-content\/uploads\/2024\/01\/WhatsApp-Image-2024-01-17-at-10.44.26.jpeg\" data-elementor-open-lightbox=\"yes\" data-elementor-lightbox-slideshow=\"all-598148f\">\r\n\t\t\t<div class=\"type-image\">\r\n\t\t\t\t<div class=\"poster\">\r\n\t\t\t\t\t\t\t\t\t\t<img decoding=\"async\" loading=\"lazy\" src=\"https:\/\/avaxplus.com\/wp-content\/uploads\/2024\/01\/WhatsApp-Image-2024-01-17-at-10.44.26.jpeg\" alt=\"\">\r\n\t\t\t\t<\/div>\r\n\t\t\t<\/div>\r\n\t\t\t\t\t<div class=\"overlay\">\r\n\t\t\t\t\t\t\t<p class=\"title\">\r\n\t\t\t\t\tIron Ore Warehouse\t\t\t\t<\/p>\r\n\t\t\t\t\t\t\t<p class=\"caption\">\r\n\t\t\t\t\t\t\t\t\t<\/p>\r\n\t\t\t\t\t\t\t<p class=\"description\">\r\n\t\t\t\t\t\t\t\t\t<\/p>\r\n\t\t\t\t\t<\/div>\r\n\t\t\t\t<\/a>\r\n\t\t\t\t<a class=\"gallery-item\" href=\"https:\/\/avaxplus.com\/wp-content\/uploads\/2024\/01\/WhatsApp-Image-2024-01-17-at-10.41.36.jpeg\" data-elementor-open-lightbox=\"yes\" data-elementor-lightbox-slideshow=\"all-598148f\">\r\n\t\t\t<div class=\"type-image\">\r\n\t\t\t\t<div class=\"poster\">\r\n\t\t\t\t\t\t\t\t\t\t<img decoding=\"async\" loading=\"lazy\" src=\"https:\/\/avaxplus.com\/wp-content\/uploads\/2024\/01\/WhatsApp-Image-2024-01-17-at-10.41.36.jpeg\" alt=\"\">\r\n\t\t\t\t<\/div>\r\n\t\t\t<\/div>\r\n\t\t\t\t\t<div class=\"overlay\">\r\n\t\t\t\t\t\t\t<p class=\"title\">\r\n\t\t\t\t\tAluminum Billet\t\t\t\t<\/p>\r\n\t\t\t\t\t\t\t<p class=\"caption\">\r\n\t\t\t\t\t\t\t\t\t<\/p>\r\n\t\t\t\t\t\t\t<p class=\"description\">\r\n\t\t\t\t\t\t\t\t\t<\/p>\r\n\t\t\t\t\t<\/div>\r\n\t\t\t\t<\/a>\r\n\t\t\t\t<a class=\"gallery-item\" href=\"https:\/\/avaxplus.com\/wp-content\/uploads\/2024\/01\/WhatsApp-Image-2024-01-17-at-10.42.35.jpeg\" data-elementor-open-lightbox=\"yes\" data-elementor-lightbox-slideshow=\"all-598148f\">\r\n\t\t\t<div class=\"type-image\">\r\n\t\t\t\t<div class=\"poster\">\r\n\t\t\t\t\t\t\t\t\t\t<img decoding=\"async\" loading=\"lazy\" src=\"https:\/\/avaxplus.com\/wp-content\/uploads\/2024\/01\/WhatsApp-Image-2024-01-17-at-10.42.35.jpeg\" alt=\"\">\r\n\t\t\t\t<\/div>\r\n\t\t\t<\/div>\r\n\t\t\t\t\t<div class=\"overlay\">\r\n\t\t\t\t\t\t\t<p class=\"title\">\r\n\t\t\t\t\tAluminum Ingot\t\t\t\t<\/p>\r\n\t\t\t\t\t\t\t<p class=\"caption\">\r\n\t\t\t\t\t\t\t\t\t<\/p>\r\n\t\t\t\t\t\t\t<p class=\"description\">\r\n\t\t\t\t\t\t\t\t\t<\/p>\r\n\t\t\t\t\t<\/div>\r\n\t\t\t\t<\/a>\r\n\t\t\t\t<div class=\"gallery-item\" data-elementor-lightbox='{&quot;type&quot;:&quot;html&quot;,&quot;html&quot;:&quot;&lt;div class=\\&quot;raven-media-gallery-lightbox-item type-video hosted-video\\&quot;&gt;&lt;video autoplay controls poster=\\&quot;\\&quot;&gt;&lt;source src=\\&quot;https:\\\/\\\/avaxplus.com\\\/wp-content\\\/uploads\\\/2024\\\/01\\\/WhatsApp-Video-2024-01-17-at-11.17.20.mp4\\&quot;&gt;&lt;\\\/video&gt;&lt;\\\/div&gt;&quot;,&quot;modalOptions&quot;:{&quot;id&quot;:&quot;all-598148f&quot;}}'>\r\n\t\t\t<div class=\"type-video self-hosted\">\r\n\t\t\t\t\t\t\t\t\t<video controls poster=\" \">\r\n\t\t\t\t\t\t<source src=\"https:\/\/avaxplus.com\/wp-content\/uploads\/2024\/01\/WhatsApp-Video-2024-01-17-at-11.17.20.mp4\">\r\n\t\t\t\t\t<\/video>\r\n\t\t\t\t\t\t\t<\/div>\r\n\t\t\t\t\t<div class=\"overlay\">\r\n\t\t\t\t\t\t\t<p class=\"title\">\r\n\t\t\t\t\t\t\t\t\t<\/p>\r\n\t\t\t\t\t\t\t<p class=\"caption\">\r\n\t\t\t\t\t\t\t\t\t<\/p>\r\n\t\t\t\t\t\t\t<p class=\"description\">\r\n\t\t\t\t\t\t\t\t\t<\/p>\r\n\t\t\t\t\t<\/div>\r\n\t\t\t\t<\/div>\r\n\t\t\t\t<div class=\"gallery-item\" data-elementor-lightbox='{&quot;type&quot;:&quot;html&quot;,&quot;html&quot;:&quot;&lt;div class=\\&quot;raven-media-gallery-lightbox-item type-video hosted-video\\&quot;&gt;&lt;video autoplay controls poster=\\&quot;\\&quot;&gt;&lt;source src=\\&quot;https:\\\/\\\/avaxplus.com\\\/wp-content\\\/uploads\\\/2024\\\/01\\\/WhatsApp-Video-2024-01-17-at-11.16.54.mp4\\&quot;&gt;&lt;\\\/video&gt;&lt;\\\/div&gt;&quot;,&quot;modalOptions&quot;:{&quot;id&quot;:&quot;all-598148f&quot;}}'>\r\n\t\t\t<div class=\"type-video self-hosted\">\r\n\t\t\t\t\t\t\t\t\t<video controls poster=\" \">\r\n\t\t\t\t\t\t<source src=\"https:\/\/avaxplus.com\/wp-content\/uploads\/2024\/01\/WhatsApp-Video-2024-01-17-at-11.16.54.mp4\">\r\n\t\t\t\t\t<\/video>\r\n\t\t\t\t\t\t\t<\/div>\r\n\t\t\t\t\t<div class=\"overlay\">\r\n\t\t\t\t\t\t\t<p class=\"title\">\r\n\t\t\t\t\t\t\t\t\t<\/p>\r\n\t\t\t\t\t\t\t<p class=\"caption\">\r\n\t\t\t\t\t\t\t\t\t<\/p>\r\n\t\t\t\t\t\t\t<p class=\"description\">\r\n\t\t\t\t\t\t\t\t\t<\/p>\r\n\t\t\t\t\t<\/div>\r\n\t\t\t\t<\/div>\r\n\t\t\t\t<div class=\"gallery-item\" data-elementor-lightbox='{&quot;type&quot;:&quot;html&quot;,&quot;html&quot;:&quot;&lt;div class=\\&quot;raven-media-gallery-lightbox-item type-video hosted-video\\&quot;&gt;&lt;video autoplay controls poster=\\&quot;\\&quot;&gt;&lt;source src=\\&quot;https:\\\/\\\/avaxplus.com\\\/wp-content\\\/uploads\\\/2024\\\/01\\\/WhatsApp-Video-2024-01-17-at-11.27.52.mp4\\&quot;&gt;&lt;\\\/video&gt;&lt;\\\/div&gt;&quot;,&quot;modalOptions&quot;:{&quot;id&quot;:&quot;all-598148f&quot;}}'>\r\n\t\t\t<div class=\"type-video self-hosted\">\r\n\t\t\t\t\t\t\t\t\t<video controls poster=\" \">\r\n\t\t\t\t\t\t<source src=\"https:\/\/avaxplus.com\/wp-content\/uploads\/2024\/01\/WhatsApp-Video-2024-01-17-at-11.27.52.mp4\">\r\n\t\t\t\t\t<\/video>\r\n\t\t\t\t\t\t\t<\/div>\r\n\t\t\t\t\t<div class=\"overlay\">\r\n\t\t\t\t\t\t\t<p class=\"title\">\r\n\t\t\t\t\t\t\t\t\t<\/p>\r\n\t\t\t\t\t\t\t<p class=\"caption\">\r\n\t\t\t\t\t\t\t\t\t<\/p>\r\n\t\t\t\t\t\t\t<p class=\"description\">\r\n\t\t\t\t\t\t\t\t\t<\/p>\r\n\t\t\t\t\t<\/div>\r\n\t\t\t\t<\/div>\r\n\t\t\t\t<div class=\"gallery-item\" data-elementor-lightbox='{&quot;type&quot;:&quot;html&quot;,&quot;html&quot;:&quot;&lt;div class=\\&quot;raven-media-gallery-lightbox-item type-video hosted-video\\&quot;&gt;&lt;video autoplay controls poster=\\&quot;\\&quot;&gt;&lt;source src=\\&quot;https:\\\/\\\/avaxplus.com\\\/wp-content\\\/uploads\\\/2024\\\/01\\\/WhatsApp-Video-2024-01-17-at-11.22.08.mp4\\&quot;&gt;&lt;\\\/video&gt;&lt;\\\/div&gt;&quot;,&quot;modalOptions&quot;:{&quot;id&quot;:&quot;all-598148f&quot;}}'>\r\n\t\t\t<div class=\"type-video self-hosted\">\r\n\t\t\t\t\t\t\t\t\t<video controls poster=\" \">\r\n\t\t\t\t\t\t<source src=\"https:\/\/avaxplus.com\/wp-content\/uploads\/2024\/01\/WhatsApp-Video-2024-01-17-at-11.22.08.mp4\">\r\n\t\t\t\t\t<\/video>\r\n\t\t\t\t\t\t\t<\/div>\r\n\t\t\t\t\t<div class=\"overlay\">\r\n\t\t\t\t\t\t\t<p class=\"title\">\r\n\t\t\t\t\t\t\t\t\t<\/p>\r\n\t\t\t\t\t\t\t<p class=\"caption\">\r\n\t\t\t\t\t\t\t\t\t<\/p>\r\n\t\t\t\t\t\t\t<p class=\"description\">\r\n\t\t\t\t\t\t\t\t\t<\/p>\r\n\t\t\t\t\t<\/div>\r\n\t\t\t\t<\/div>\r\n\t\t<\/div><\/div><\/div>\t\t<\/div>\n\t\t\t\t<\/div>\n\t\t\t\t<\/div>\n\t\t\t\t\t<\/div>\n\t\t\t\t<\/div>\n\t\t<div class=\"elementor-element elementor-element-e2536a7 e-flex e-con-boxed e-con e-parent\" data-id=\"e2536a7\" data-element_type=\"container\">\n\t\t\t\t\t<div class=\"e-con-inner\">\n\t\t\t\t<div class=\"elementor-element elementor-element-bf1bc2c raven--h-position-center raven--v-position-middle elementor-arrows-position-inside elementor-pagination-position-inside elementor-widget elementor-widget-raven-slider\" data-id=\"bf1bc2c\" data-element_type=\"widget\" data-settings=\"{&quot;navigation&quot;:&quot;both&quot;,&quot;autoplay&quot;:&quot;yes&quot;,&quot;pause_on_hover&quot;:&quot;yes&quot;,&quot;pause_on_interaction&quot;:&quot;yes&quot;,&quot;autoplay_speed&quot;:5000,&quot;infinite&quot;:&quot;yes&quot;,&quot;transition&quot;:&quot;slide&quot;,&quot;transition_speed&quot;:500}\" data-widget_type=\"raven-slider.default\">\n\t\t\t\t<div class=\"elementor-widget-container\">\n\t\t\t\t\t<div class=\"elementor-swiper\">\r\n\t\t\t<div class=\"raven-slider-wrapper elementor-main-swiper swiper\" dir=\"ltr\" data-animation=\"fadeInUp\">\r\n\t\t\t\t<div class=\"swiper-wrapper raven-slider\">\r\n\t\t\t\t\t\t\t\t\t\t<div class=\"elementor-repeater-item-9135953 swiper-slide\"><div style=\"\" class=\"swiper-slide-bg\"><\/div><div class=\"swiper-slide-inner\" ><div class=\"swiper-slide-contents\"><div class=\"raven-slide-heading\">Slide 1 Heading<\/div><div class=\"raven-slide-description\">Lorem ipsum dolor sit amet consectetur adipiscing elit dolor<\/div><div  class=\"elementor-button raven-slide-button elementor-size-sm\">Buraya t\u0131klay\u0131n<\/div><\/div><\/div><\/div><div class=\"elementor-repeater-item-6cdcb46 swiper-slide\"><div style=\"\" class=\"swiper-slide-bg\"><\/div><div class=\"swiper-slide-inner\" ><div class=\"swiper-slide-contents\"><div class=\"raven-slide-heading\">Slide 2 Heading<\/div><div class=\"raven-slide-description\">Lorem ipsum dolor sit amet consectetur adipiscing elit dolor<\/div><div  class=\"elementor-button raven-slide-button elementor-size-sm\">Buraya t\u0131klay\u0131n<\/div><\/div><\/div><\/div><div class=\"elementor-repeater-item-7e15f10 swiper-slide\"><div style=\"\" class=\"swiper-slide-bg\"><\/div><div class=\"swiper-slide-inner\" ><div class=\"swiper-slide-contents\"><div class=\"raven-slide-heading\">Slide 3 Heading<\/div><div class=\"raven-slide-description\">Lorem ipsum dolor sit amet consectetur adipiscing elit dolor<\/div><div  class=\"elementor-button raven-slide-button elementor-size-sm\">Buraya t\u0131klay\u0131n<\/div><\/div><\/div><\/div>\t\t\t\t<\/div>\r\n\t\t\t\t\t\t\t\t\t\t\t\t\t\t\t<div class=\"swiper-pagination\"><\/div>\r\n\t\t\t\t\t\t\t\t\t\t\t\t\t\t\t\t<div class=\"elementor-swiper-button elementor-swiper-button-prev\">\r\n\t\t\t\t\t\t\t<svg aria-hidden=\"true\" class=\"e-font-icon-svg e-eicon-chevron-left\" viewbox=\"0 0 1000 1000\" xmlns=\"http:\/\/www.w3.org\/2000\/svg\"><path d=\"M646 125C629 125 613 133 604 142L308 442C296 454 292 471 292 487 292 504 296 521 308 533L604 854C617 867 629 875 646 875 663 875 679 871 692 858 704 846 713 829 713 812 713 796 708 779 692 767L438 487 692 225C700 217 708 204 708 187 708 171 704 154 692 142 675 129 663 125 646 125Z\"><\/path><\/svg>\t\t\t\t\t\t\t<span class=\"elementor-screen-only\">Previous<\/span>\r\n\t\t\t\t\t\t<\/div>\r\n\t\t\t\t\t\t<div class=\"elementor-swiper-button elementor-swiper-button-next\">\r\n\t\t\t\t\t\t\t<svg aria-hidden=\"true\" class=\"e-font-icon-svg e-eicon-chevron-right\" viewbox=\"0 0 1000 1000\" xmlns=\"http:\/\/www.w3.org\/2000\/svg\"><path d=\"M696 533C708 521 713 504 713 487 713 471 708 454 696 446L400 146C388 133 375 125 354 125 338 125 325 129 313 142 300 154 292 171 292 187 292 204 296 221 308 233L563 492 304 771C292 783 288 800 288 817 288 833 296 850 308 863 321 871 338 875 354 875 371 875 388 867 400 854L696 533Z\"><\/path><\/svg>\t\t\t\t\t\t\t<span class=\"elementor-screen-only\">Next<\/span>\r\n\t\t\t\t\t\t<\/div>\r\n\t\t\t\t\t\t\t\t\t\t\t\t<\/div>\r\n\t\t<\/div>\r\n\t\t\t\t<\/div>\n\t\t\t\t<\/div>\n\t\t\t\t\t<\/div>\n\t\t\t\t<\/div>\n\t\t\t\t<\/div>","protected":false},"excerpt":{"rendered":"<p>PHOTOS AND VIDEOS Explore our aluminum import-export journey through a curated gallery capturing key moments and ventures. Aluminum Billet Aluminum Profile Hematite And Chromite Visiting the Aluminum Exhibition in Istanbul Aluminum Profile Aluminum Sheet Iron Ore Warehouse Aluminum Billet Aluminum Ingot Slide 1 HeadingLorem ipsum dolor sit amet consectetur adipiscing elit dolorClick HereSlide 2 HeadingLorem [&hellip;]<\/p>","protected":false},"author":1,"featured_media":0,"parent":0,"menu_order":0,"comment_status":"closed","ping_status":"closed","template":"","meta":{"_acf_changed":false,"_monsterinsights_skip_tracking":false,"_monsterinsights_sitenote_active":false,"_monsterinsights_sitenote_note":"","_monsterinsights_sitenote_category":0,"_uf_show_specific_survey":0,"_uf_disable_surveys":false,"footnotes":""},"class_list":["post-600","page","type-page","status-publish","hentry"],"acf":[],"aioseo_notices":[],"jetpack_sharing_enabled":true,"_links":{"self":[{"href":"https:\/\/avaxplus.com\/tr\/wp-json\/wp\/v2\/pages\/600","targetHints":{"allow":["GET"]}}],"collection":[{"href":"https:\/\/avaxplus.com\/tr\/wp-json\/wp\/v2\/pages"}],"about":[{"href":"https:\/\/avaxplus.com\/tr\/wp-json\/wp\/v2\/types\/page"}],"author":[{"embeddable":true,"href":"https:\/\/avaxplus.com\/tr\/wp-json\/wp\/v2\/users\/1"}],"replies":[{"embeddable":true,"href":"https:\/\/avaxplus.com\/tr\/wp-json\/wp\/v2\/comments?post=600"}],"version-history":[{"count":59,"href":"https:\/\/avaxplus.com\/tr\/wp-json\/wp\/v2\/pages\/600\/revisions"}],"predecessor-version":[{"id":3808,"href":"https:\/\/avaxplus.com\/tr\/wp-json\/wp\/v2\/pages\/600\/revisions\/3808"}],"wp:attachment":[{"href":"https:\/\/avaxplus.com\/tr\/wp-json\/wp\/v2\/media?parent=600"}],"curies":[{"name":"wp","href":"https:\/\/api.w.org\/{rel}","templated":true}]}}