{"id":20,"date":"2023-12-23T13:02:53","date_gmt":"2023-12-23T13:02:53","guid":{"rendered":"https:\/\/avaxplus.com\/?page_id=20"},"modified":"2025-12-30T15:33:57","modified_gmt":"2025-12-30T12:33:57","slug":"about","status":"publish","type":"page","link":"https:\/\/avaxplus.com\/tr\/about\/","title":{"rendered":"HAKKIMIZDA"},"content":{"rendered":"<div data-elementor-type=\"wp-page\" data-elementor-id=\"20\" class=\"elementor elementor-20\">\n\t\t\t\t<div class=\"elementor-element elementor-element-3159b6b e-con-full e-flex e-con e-parent\" data-id=\"3159b6b\" data-element_type=\"container\" data-settings=\"{&quot;background_background&quot;:&quot;classic&quot;}\">\n\t\t\t\t<\/div>\n\t\t<div class=\"elementor-element elementor-element-ce7c72d e-flex e-con-boxed e-con e-parent\" data-id=\"ce7c72d\" data-element_type=\"container\">\n\t\t\t\t\t<div class=\"e-con-inner\">\n\t\t<div class=\"elementor-element elementor-element-17605ba e-con-full e-flex e-con e-child\" data-id=\"17605ba\" data-element_type=\"container\">\n\t\t\t\t<\/div>\n\t\t<div class=\"elementor-element elementor-element-9395dac e-con-full e-flex e-con e-child\" data-id=\"9395dac\" data-element_type=\"container\">\n\t\t\t\t<div class=\"elementor-element elementor-element-8c91102 elementor-widget elementor-widget-text-editor\" data-id=\"8c91102\" data-element_type=\"widget\" data-widget_type=\"text-editor.default\">\n\t\t\t\t<div class=\"elementor-widget-container\">\n\t\t\t\t\t\t\t<p data-start=\"451\" data-end=\"776\"><strong data-start=\"451\" data-end=\"464\">Avax Plus<\/strong> is an international trading and manufacturing partner specializing in <strong data-start=\"535\" data-end=\"591\">cast iron components and industrial supply solutions<\/strong>.<br data-start=\"592\" data-end=\"595\" \/>With a strong focus on foundry-based manufacturing, we support global clients with reliable, high-quality cast iron products engineered for performance, durability, and consistency.<\/p>\n<p data-start=\"778\" data-end=\"1138\">Our core expertise lies in <strong data-start=\"805\" data-end=\"829\">cast iron production<\/strong>, including components for industrial equipment, agricultural machinery, and commercial kitchen applications. Through a strong network of qualified foundries and machining facilities, we manage the full process \u2014 from raw material sourcing and casting to finishing, quality control, and export-ready delivery.<\/p>\n<p data-start=\"1140\" data-end=\"1488\">At Avax Plus, we combine <strong data-start=\"1165\" data-end=\"1252\">technical understanding, supply chain expertise, and international trade experience<\/strong> to deliver dependable solutions tailored to each project\u2019s requirements. Our team operates with full awareness of global trade regulations, logistics coordination, and quality standards, ensuring smooth and timely deliveries worldwide.<\/p>\n<p data-start=\"1490\" data-end=\"1725\">In addition to cast iron components, we also supply complementary industrial products such as stretch films, thermal glass, and carbon steel sheets, sourced from trusted manufacturers to support a wide range of industrial applications.<\/p>\n<p data-start=\"1727\" data-end=\"1917\">Driven by precision, reliability, and long-term partnerships, Avax Plus is committed to delivering value beyond products \u2014 offering engineered solutions that meet today\u2019s industrial demands.<\/p>\t\t\t\t\t\t<\/div>\n\t\t\t\t<\/div>\n\t\t\t\t<\/div>\n\t\t\t\t\t<\/div>\n\t\t\t\t<\/div>\n\t\t<div class=\"elementor-element elementor-element-2eb80c1 e-flex e-con-boxed e-con e-parent\" data-id=\"2eb80c1\" data-element_type=\"container\">\n\t\t\t\t\t<div class=\"e-con-inner\">\n\t\t\t\t\t<\/div>\n\t\t\t\t<\/div>\n\t\t<div class=\"elementor-element elementor-element-fd1f06d e-flex e-con-boxed e-con e-parent\" data-id=\"fd1f06d\" data-element_type=\"container\">\n\t\t\t\t\t<div class=\"e-con-inner\">\n\t\t<div class=\"elementor-element elementor-element-58262f7 e-con-full e-flex e-con e-child\" data-id=\"58262f7\" data-element_type=\"container\">\n\t\t\t\t<div class=\"elementor-element elementor-element-cc5f5e0 elementor-widget elementor-widget-text-editor\" data-id=\"cc5f5e0\" data-element_type=\"widget\" data-widget_type=\"text-editor.default\">\n\t\t\t\t<div class=\"elementor-widget-container\">\n\t\t\t\t\t\t\t<h4><strong>Uzmanl\u0131\u011f\u0131m\u0131z<\/strong><\/h4>\t\t\t\t\t\t<\/div>\n\t\t\t\t<\/div>\n\t\t\t\t<div class=\"elementor-element elementor-element-06b96da elementor-widget elementor-widget-text-editor\" data-id=\"06b96da\" data-element_type=\"widget\" data-widget_type=\"text-editor.default\">\n\t\t\t\t<div class=\"elementor-widget-container\">\n\t\t\t\t\t\t\t<p class=\" translation-block\">Avax Plus olarak, \u00e7e\u015fitli sekt\u00f6rler ve m\u00fc\u015fteri ihtiya\u00e7lar\u0131na uygun \u015fekilde \u00f6zelle\u015ftirilmi\u015f geni\u015f bir \u00fcr\u00fcn yelpazesinin ihracat\u0131nda uzman\u0131z. \u00d6zellikle al\u00fcminyum sekt\u00f6r\u00fcndeki ihracat tecr\u00fcbemiz, bize g\u00fcvenilirlik ve kalite konusunda sa\u011flam bir itibar kazand\u0131rm\u0131\u015ft\u0131r. Bug\u00fcne kadar, <strong>al\u00fcminyum, demir ve kostik soda (Sodyum Hidroksit)<\/strong> gibi tonlarca \u00fcr\u00fcn\u00fc ba\u015far\u0131yla ihra\u00e7 ederek bu pazarda g\u00fcvenilir bir tedarik\u00e7i konumumuzu daha da g\u00fc\u00e7lendirdik.<\/p>\t\t\t\t\t\t<\/div>\n\t\t\t\t<\/div>\n\t\t\t\t<div class=\"elementor-element elementor-element-1bb0f4d elementor-widget elementor-widget-text-editor\" data-id=\"1bb0f4d\" data-element_type=\"widget\" data-widget_type=\"text-editor.default\">\n\t\t\t\t<div class=\"elementor-widget-container\">\n\t\t\t\t\t\t\t<h4><strong>KAL\u0130TE G\u00dcVENCES\u0130<\/strong><\/h4>\t\t\t\t\t\t<\/div>\n\t\t\t\t<\/div>\n\t\t\t\t<div class=\"elementor-element elementor-element-fb42d92 elementor-widget elementor-widget-text-editor\" data-id=\"fb42d92\" data-element_type=\"widget\" data-widget_type=\"text-editor.default\">\n\t\t\t\t<div class=\"elementor-widget-container\">\n\t\t\t\t\t\t\t<p>Kalite, yapt\u0131\u011f\u0131m\u0131z her \u015feyin merkezindedir. T\u00fcm \u00fcr\u00fcnlerimizin g\u00fcvenilir \u00fcreticilerden temin edilmesini ve m\u00fc\u015fterilerimize ula\u015fmadan \u00f6nce s\u0131k\u0131 kalite kontrollerinden ge\u00e7mesini sa\u011fl\u0131yoruz. En iyi \u00fcr\u00fcnleri sunma konusundaki ba\u011fl\u0131l\u0131\u011f\u0131m\u0131z, d\u00fcnya genelindeki m\u00fc\u015fterilerimizle olan uzun soluklu ili\u015fkilerimize yans\u0131maktad\u0131r.<\/p>\t\t\t\t\t\t<\/div>\n\t\t\t\t<\/div>\n\t\t\t\t<div class=\"elementor-element elementor-element-6cf6275 elementor-widget elementor-widget-text-editor\" data-id=\"6cf6275\" data-element_type=\"widget\" data-widget_type=\"text-editor.default\">\n\t\t\t\t<div class=\"elementor-widget-container\">\n\t\t\t\t\t\t\t<h4><strong>G\u00dcVEN\u0130L\u0130R TEDAR\u0130K\u00c7\u0130LER VE LOJ\u0130ST\u0130K ORTAKLIKLARI<br \/><\/strong><\/h4>\t\t\t\t\t\t<\/div>\n\t\t\t\t<\/div>\n\t\t\t\t<div class=\"elementor-element elementor-element-016a5a6 elementor-widget elementor-widget-text-editor\" data-id=\"016a5a6\" data-element_type=\"widget\" data-widget_type=\"text-editor.default\">\n\t\t\t\t<div class=\"elementor-widget-container\">\n\t\t\t\t\t\t\t<p>En y\u00fcksek kaliteyi sa\u011flamak i\u00e7in en iyi \u00fcreticilerle i\u015f birli\u011fi yap\u0131yoruz. Ayr\u0131ca, stratejik bir merkez olan Mersin\u2019de faaliyet g\u00f6steren b\u00fcy\u00fck bir lojistik \u015firketiyle yak\u0131n bir ortakl\u0131k s\u00fcrd\u00fcr\u00fcyoruz. Bu ortakl\u0131k, operasyonlar\u0131m\u0131z\u0131 ve lojistik s\u00fcre\u00e7lerimizi verimli bir \u015fekilde y\u00f6netmemize olanak tan\u0131yarak, d\u00fcnya \u00e7ap\u0131ndaki t\u00fcm m\u00fc\u015fterilerimize zaman\u0131nda teslimat ve g\u00fcvenilir hizmet sunmam\u0131z\u0131 sa\u011flar.<\/p>\t\t\t\t\t\t<\/div>\n\t\t\t\t<\/div>\n\t\t\t\t<div class=\"elementor-element elementor-element-e7aaccf elementor-widget elementor-widget-text-editor\" data-id=\"e7aaccf\" data-element_type=\"widget\" data-widget_type=\"text-editor.default\">\n\t\t\t\t<div class=\"elementor-widget-container\">\n\t\t\t\t\t\t\t<h4><strong>NEDEN B\u0130Z\u0130 SE\u00c7MEL\u0130S\u0130N\u0130Z?<\/strong><\/h4>\t\t\t\t\t\t<\/div>\n\t\t\t\t<\/div>\n\t\t\t\t<div class=\"elementor-element elementor-element-9e634a0 elementor-widget elementor-widget-text-editor\" data-id=\"9e634a0\" data-element_type=\"widget\" data-widget_type=\"text-editor.default\">\n\t\t\t\t<div class=\"elementor-widget-container\">\n\t\t\t\t\t\t\t<ul><li class=\" translation-block\"><strong>Uzmanl\u0131k:<\/strong> \u00d6zellikle al\u00fcminyum ve plastik \u00fcr\u00fcnler alan\u0131nda, ihracat pazar\u0131nda y\u0131llar\u0131n deneyimi.<\/li><li class=\" translation-block\"><strong>Kalite:<\/strong> Uluslararas\u0131 standartlara uygun en iyi \u00fcr\u00fcnleri sunma taahh\u00fcd\u00fc.<\/li><li class=\" translation-block\"><strong>M\u00fc\u015fteri Odakl\u0131 Yakla\u015f\u0131m:<\/strong> M\u00fc\u015fterilerimizin ihtiya\u00e7lar\u0131n\u0131 \u00f6nceliklendirir, \u00f6zel gereksinimlerine uygun \u00e7\u00f6z\u00fcmler sunar\u0131z.<\/li><li class=\" translation-block\"><strong>Stratejik Konum:<\/strong> Avrupa, Asya ve Orta Do\u011fu aras\u0131ndaki ticaret i\u00e7in \u00f6nemli bir ge\u00e7it olan T\u00fcrkiye\u2019nin Mersin \u015fehrinde bulunuyoruz.<\/li><li class=\" translation-block\"><strong>En \u0130yi \u00dcreticiler ve B\u00fcy\u00fck Bir Lojistik \u015eirketi ile \u0130\u015f Birli\u011fi:<\/strong> Kaliteli \u00fcr\u00fcnlerin d\u00fcnya \u00e7ap\u0131nda zaman\u0131nda teslimat\u0131n\u0131 garanti alt\u0131na al\u0131yoruz.<\/li><li class=\" translation-block\"><strong>Kan\u0131tlanm\u0131\u015f Ba\u015far\u0131:<\/strong> Tonlarca al\u00fcminyum, demir ve kostik soda (Sodyum Hidroksit) ihra\u00e7 ederek yetkinli\u011fimizi ve g\u00fcvenilirli\u011fimizi ortaya koyuyoruz.<\/li><\/ul>\t\t\t\t\t\t<\/div>\n\t\t\t\t<\/div>\n\t\t\t\t<\/div>\n\t\t\t\t\t<\/div>\n\t\t\t\t<\/div>\n\t\t\t\t<\/div>","protected":false},"excerpt":{"rendered":"<p>Avax Plus is an international trading and manufacturing partner specializing in cast iron components and industrial supply solutions.With a strong focus on foundry-based manufacturing, we support global clients with reliable, high-quality cast iron products engineered for performance, durability, and consistency. Our core expertise lies in cast iron production, including components for industrial equipment, agricultural machinery, [&hellip;]<\/p>","protected":false},"author":1,"featured_media":0,"parent":0,"menu_order":0,"comment_status":"closed","ping_status":"closed","template":"","meta":{"_acf_changed":false,"_monsterinsights_skip_tracking":false,"_monsterinsights_sitenote_active":false,"_monsterinsights_sitenote_note":"","_monsterinsights_sitenote_category":0,"_uf_show_specific_survey":0,"_uf_disable_surveys":false,"footnotes":""},"class_list":["post-20","page","type-page","status-publish","hentry"],"acf":[],"aioseo_notices":[],"jetpack_sharing_enabled":true,"_links":{"self":[{"href":"https:\/\/avaxplus.com\/tr\/wp-json\/wp\/v2\/pages\/20","targetHints":{"allow":["GET"]}}],"collection":[{"href":"https:\/\/avaxplus.com\/tr\/wp-json\/wp\/v2\/pages"}],"about":[{"href":"https:\/\/avaxplus.com\/tr\/wp-json\/wp\/v2\/types\/page"}],"author":[{"embeddable":true,"href":"https:\/\/avaxplus.com\/tr\/wp-json\/wp\/v2\/users\/1"}],"replies":[{"embeddable":true,"href":"https:\/\/avaxplus.com\/tr\/wp-json\/wp\/v2\/comments?post=20"}],"version-history":[{"count":171,"href":"https:\/\/avaxplus.com\/tr\/wp-json\/wp\/v2\/pages\/20\/revisions"}],"predecessor-version":[{"id":4037,"href":"https:\/\/avaxplus.com\/tr\/wp-json\/wp\/v2\/pages\/20\/revisions\/4037"}],"wp:attachment":[{"href":"https:\/\/avaxplus.com\/tr\/wp-json\/wp\/v2\/media?parent=20"}],"curies":[{"name":"wp","href":"https:\/\/api.w.org\/{rel}","templated":true}]}}