{"id":18,"date":"2023-12-23T13:02:28","date_gmt":"2023-12-23T13:02:28","guid":{"rendered":"https:\/\/avaxplus.com\/?page_id=18"},"modified":"2024-10-22T11:03:56","modified_gmt":"2024-10-22T08:03:56","slug":"blog","status":"publish","type":"page","link":"https:\/\/avaxplus.com\/tr\/blog\/","title":{"rendered":"BLOG"},"content":{"rendered":"<div data-elementor-type=\"wp-page\" data-elementor-id=\"18\" class=\"elementor elementor-18\">\n\t\t\t\t<div class=\"elementor-element elementor-element-4ab8bffe e-con-full e-flex e-con e-parent\" data-id=\"4ab8bffe\" data-element_type=\"container\" data-settings=\"{&quot;background_background&quot;:&quot;classic&quot;}\">\n\t\t\t\t<div class=\"elementor-element elementor-element-4427a6e0 elementor-align-center elementor-widget elementor-widget-raven-heading\" data-id=\"4427a6e0\" data-element_type=\"widget\" data-widget_type=\"raven-heading.default\">\n\t\t\t\t<div class=\"elementor-widget-container\">\n\t\t\t\t\t<div class=\"raven-widget-wrapper\"><h2 class=\"raven-heading raven-heading-h2\"><span class=\"raven-heading-title\">BLOG<\/span><\/h2><\/div>\r\n\t\t\t\t<\/div>\n\t\t\t\t<\/div>\n\t\t\t\t<\/div>\n\t\t<div class=\"elementor-element elementor-element-34497758 e-flex e-con-boxed e-con e-parent\" data-id=\"34497758\" data-element_type=\"container\">\n\t\t\t\t\t<div class=\"e-con-inner\">\n\t\t<div class=\"elementor-element elementor-element-9bddcc3 e-con-full e-flex e-con e-child\" data-id=\"9bddcc3\" data-element_type=\"container\">\n\t\t\t\t<\/div>\n\t\t<div class=\"elementor-element elementor-element-5ec3bf9e e-con-full e-flex e-con e-child\" data-id=\"5ec3bf9e\" data-element_type=\"container\">\n\t\t\t\t<div class=\"elementor-element elementor-element-5626e43d elementor-align-center elementor-widget elementor-widget-raven-heading\" data-id=\"5626e43d\" data-element_type=\"widget\" data-widget_type=\"raven-heading.default\">\n\t\t\t\t<div class=\"elementor-widget-container\">\n\t\t\t\t\t<div class=\"raven-widget-wrapper\"><h2 class=\"raven-heading raven-heading-h2\"><span class=\"raven-heading-title\">Stay Informed with the Latest Industry Insights and Innovations<\/span><\/h2><\/div>\r\n\t\t\t\t<\/div>\n\t\t\t\t<\/div>\n\t\t\t\t<div class=\"elementor-element elementor-element-3e4153ea elementor-widget elementor-widget-text-editor\" data-id=\"3e4153ea\" data-element_type=\"widget\" data-widget_type=\"text-editor.default\">\n\t\t\t\t<div class=\"elementor-widget-container\">\n\t\t\t\t\t\t\t<p class=\"p1\">Explore expert articles, news, and updates on the latest trends in industrial packaging, stretch films, and plastic products.<\/p>\t\t\t\t\t\t<\/div>\n\t\t\t\t<\/div>\n\t\t\t\t<\/div>\n\t\t<div class=\"elementor-element elementor-element-34bab6a8 e-con-full e-flex e-con e-child\" data-id=\"34bab6a8\" data-element_type=\"container\">\n\t\t\t\t<\/div>\n\t\t\t\t\t<\/div>\n\t\t\t\t<\/div>\n\t\t<div class=\"elementor-element elementor-element-6e3e88a e-flex e-con-boxed e-con e-parent\" data-id=\"6e3e88a\" data-element_type=\"container\">\n\t\t\t\t\t<div class=\"e-con-inner\">\n\t\t\t\t<div class=\"elementor-element elementor-element-8ae5065 elementor-widget elementor-widget-raven-advanced-posts\" data-id=\"8ae5065\" data-element_type=\"widget\" data-settings=\"{&quot;general_layout&quot;:&quot;grid&quot;,&quot;columns&quot;:&quot;3&quot;,&quot;columns_tablet&quot;:&quot;2&quot;,&quot;columns_mobile&quot;:&quot;1&quot;,&quot;pagination_type&quot;:&quot;page_based&quot;,&quot;query_posts_per_page&quot;:6,&quot;query_offset&quot;:0}\" data-widget_type=\"raven-advanced-posts.default\">\n\t\t\t\t<div class=\"elementor-widget-container\">\n\t\t\t\t\t<div class=\"raven-posts raven-posts-grid\">\r\n\t\t\t\t\t\t<div class=\"advanced-posts-content content-layout-under-image raven-grid raven-grid-3 raven-grid-mobile-1 raven-grid-tablet-2\" data-post-id=\"18\" data-archive-query=\"\">\r\n\t\t\t\t<div class=\"raven-posts-item raven-grid-item\"><div class=\"raven-post-wrapper\"><div class=\"raven-post\"><div class=\"raven-post-image-wrap\"><ul class=\"raven-post-meta-item raven-post-tags\"><li><a href=\"https:\/\/avaxplus.com\/tr\/tag\/agricultural-machinery-castings\/\" rel=\"tag\">agricultural machinery castings<\/a><\/li><li><a href=\"https:\/\/avaxplus.com\/tr\/tag\/cast-iron-agricultural-parts\/\" rel=\"tag\">cast iron agricultural parts<\/a><\/li><li><a href=\"https:\/\/avaxplus.com\/tr\/tag\/custom-iron-parts-export\/\" rel=\"tag\">custom iron parts export<\/a><\/li><li><a href=\"https:\/\/avaxplus.com\/tr\/tag\/ductile-iron-components\/\" rel=\"tag\">ductile iron components<\/a><\/li><li><a href=\"https:\/\/avaxplus.com\/tr\/tag\/export-ready-cast-iron-components\/\" rel=\"tag\">export-ready cast iron components<\/a><\/li><li><a href=\"https:\/\/avaxplus.com\/tr\/tag\/green-sand-casting\/\" rel=\"tag\">green sand casting<\/a><\/li><li><a href=\"https:\/\/avaxplus.com\/tr\/tag\/heavy-duty-agriculture-castings\/\" rel=\"tag\">heavy-duty agriculture castings<\/a><\/li><li><a href=\"https:\/\/avaxplus.com\/tr\/tag\/iso-certified-iron-parts\/\" rel=\"tag\">ISO-certified iron parts<\/a><\/li><li><a href=\"https:\/\/avaxplus.com\/tr\/tag\/oem-agricultural-castings\/\" rel=\"tag\">OEM agricultural castings<\/a><\/li><li><a href=\"https:\/\/avaxplus.com\/tr\/tag\/precision-iron-casting-parts\/\" rel=\"tag\">precision iron casting parts<\/a><\/li><\/ul><a class=\"raven-post-image raven-image-fit\" href=\"https:\/\/avaxplus.com\/tr\/2025\/07\/14\/cast-iron-parts-for-agricultural-machinery\/\"> <img fetchpriority=\"high\" decoding=\"async\" width=\"1024\" height=\"683\" src=\"https:\/\/avaxplus.com\/wp-content\/uploads\/2025\/07\/ChatGPT-Image-Jul-14-2025-03_00_47-PM-1024x683.png\" class=\"attachment-large size-large wp-image-3482\" alt=\"cast iron agricultural machinery parts\" srcset=\"https:\/\/avaxplus.com\/wp-content\/uploads\/2025\/07\/ChatGPT-Image-Jul-14-2025-03_00_47-PM-1024x683.png 1024w, https:\/\/avaxplus.com\/wp-content\/uploads\/2025\/07\/ChatGPT-Image-Jul-14-2025-03_00_47-PM-300x200.png 300w, https:\/\/avaxplus.com\/wp-content\/uploads\/2025\/07\/ChatGPT-Image-Jul-14-2025-03_00_47-PM-768x512.png 768w, https:\/\/avaxplus.com\/wp-content\/uploads\/2025\/07\/ChatGPT-Image-Jul-14-2025-03_00_47-PM-18x12.png 18w, https:\/\/avaxplus.com\/wp-content\/uploads\/2025\/07\/ChatGPT-Image-Jul-14-2025-03_00_47-PM-1320x880.png 1320w, https:\/\/avaxplus.com\/wp-content\/uploads\/2025\/07\/ChatGPT-Image-Jul-14-2025-03_00_47-PM-600x400.png 600w, https:\/\/avaxplus.com\/wp-content\/uploads\/2025\/07\/ChatGPT-Image-Jul-14-2025-03_00_47-PM.png 1536w\" sizes=\"(max-width: 1024px) 100vw, 1024px\" \/><span class=\"raven-post-image-overlay\"><\/span><\/a><\/div><div class=\"raven-post-content\"><div class=\"raven-post-meta\"><a class=\"raven-post-meta-item raven-post-date\" href=\"https:\/\/avaxplus.com\/tr\/2025\/07\/\" rel=\"bookmark\">Temmuz 14, 2025<\/a><\/div><h3 class=\"raven-post-title\"><a class=\"raven-post-title-link\" href=\"https:\/\/avaxplus.com\/tr\/2025\/07\/14\/cast-iron-parts-for-agricultural-machinery\/\">7 Powerful Cast Iron Parts for Agricultural Machinery You Need Today<\/a><\/h3><div class=\"raven-post-excerpt\">Explore how cast iron parts for agricultural machinery improve equipment durability and performance. From ductile iron components to OEM casting solutions, learn how precision manufacturing shapes the future of farming equipment.<\/div><div class=\"raven-post-author-spotlight\"><a href=\"https:\/\/avaxplus.com\/tr\/author\/avax\/\"><img decoding=\"async\" src=\"https:\/\/secure.gravatar.com\/avatar\/93d97eaeefce6844a4a34ef3cd51f21a1deca4934369d968cdb2350794a8c5dd?s=256&amp;d=mm&amp;r=g\" title=\"Avax\" alt=\"Avax\">By Avax<\/a><\/div><\/div><\/div><\/div><\/div><div class=\"raven-posts-item raven-grid-item\"><div class=\"raven-post-wrapper\"><div class=\"raven-post\"><div class=\"raven-post-image-wrap\"><ul class=\"raven-post-meta-item raven-post-tags\"><li><a href=\"https:\/\/avaxplus.com\/tr\/tag\/cast-iron-exports\/\" rel=\"tag\">Cast iron exports<\/a><\/li><li><a href=\"https:\/\/avaxplus.com\/tr\/tag\/cast-iron-stove-grates\/\" rel=\"tag\">cast iron stove grates<\/a><\/li><li><a href=\"https:\/\/avaxplus.com\/tr\/tag\/heat-retention-cookware\/\" rel=\"tag\">Heat retention cookware<\/a><\/li><li><a href=\"https:\/\/avaxplus.com\/tr\/tag\/industrial-kitchen-supplies\/\" rel=\"tag\">Industrial kitchen supplies<\/a><\/li><li><a href=\"https:\/\/avaxplus.com\/tr\/tag\/restaurant-cooking-equipment\/\" rel=\"tag\">Restaurant cooking equipment<\/a><\/li><\/ul><a class=\"raven-post-image raven-image-fit\" href=\"https:\/\/avaxplus.com\/tr\/2025\/06\/11\/cast-iron-stove-grates-for-industrial-kitchens\/\"> <img decoding=\"async\" width=\"1024\" height=\"1024\" src=\"https:\/\/avaxplus.com\/wp-content\/uploads\/2025\/06\/ChatGPT-Image-Jun-11-2025-11_44_02-AM.png\" class=\"attachment-large size-large wp-image-3351\" alt=\"\" srcset=\"https:\/\/avaxplus.com\/wp-content\/uploads\/2025\/06\/ChatGPT-Image-Jun-11-2025-11_44_02-AM.png 1024w, https:\/\/avaxplus.com\/wp-content\/uploads\/2025\/06\/ChatGPT-Image-Jun-11-2025-11_44_02-AM-300x300.png 300w, https:\/\/avaxplus.com\/wp-content\/uploads\/2025\/06\/ChatGPT-Image-Jun-11-2025-11_44_02-AM-150x150.png 150w, https:\/\/avaxplus.com\/wp-content\/uploads\/2025\/06\/ChatGPT-Image-Jun-11-2025-11_44_02-AM-768x768.png 768w, https:\/\/avaxplus.com\/wp-content\/uploads\/2025\/06\/ChatGPT-Image-Jun-11-2025-11_44_02-AM-12x12.png 12w, https:\/\/avaxplus.com\/wp-content\/uploads\/2025\/06\/ChatGPT-Image-Jun-11-2025-11_44_02-AM-500x500.png 500w, https:\/\/avaxplus.com\/wp-content\/uploads\/2025\/06\/ChatGPT-Image-Jun-11-2025-11_44_02-AM-600x600.png 600w, https:\/\/avaxplus.com\/wp-content\/uploads\/2025\/06\/ChatGPT-Image-Jun-11-2025-11_44_02-AM-100x100.png 100w\" sizes=\"(max-width: 1024px) 100vw, 1024px\" \/><span class=\"raven-post-image-overlay\"><\/span><\/a><\/div><div class=\"raven-post-content\"><div class=\"raven-post-meta\"><a class=\"raven-post-meta-item raven-post-date\" href=\"https:\/\/avaxplus.com\/tr\/2025\/06\/\" rel=\"bookmark\">Haziran 11, 2025<\/a><\/div><h3 class=\"raven-post-title\"><a class=\"raven-post-title-link\" href=\"https:\/\/avaxplus.com\/tr\/2025\/06\/11\/cast-iron-stove-grates-for-industrial-kitchens\/\">10 Powerful Reasons to Choose Cast Iron Stove Grates for Industrial Kitchens<\/a><\/h3><div class=\"raven-post-excerpt\">Discover why Cast Iron Stove Grates for Industrial Kitchens are the best choice for durability, efficiency, and export potential. Learn more in this ultimate guide.<\/div><div class=\"raven-post-author-spotlight\"><a href=\"https:\/\/avaxplus.com\/tr\/author\/avax\/\"><img decoding=\"async\" src=\"https:\/\/secure.gravatar.com\/avatar\/93d97eaeefce6844a4a34ef3cd51f21a1deca4934369d968cdb2350794a8c5dd?s=256&amp;d=mm&amp;r=g\" title=\"Avax\" alt=\"Avax\">By Avax<\/a><\/div><\/div><\/div><\/div><\/div><div class=\"raven-posts-item raven-grid-item\"><div class=\"raven-post-wrapper\"><div class=\"raven-post\"><div class=\"raven-post-image-wrap\"><ul class=\"raven-post-meta-item raven-post-tags\"><li><a href=\"https:\/\/avaxplus.com\/tr\/tag\/cast-iron-stove-grates\/\" rel=\"tag\">cast iron stove grates<\/a><\/li><li><a href=\"https:\/\/avaxplus.com\/tr\/tag\/commercial-kitchen-stove-grates\/\" rel=\"tag\">commercial kitchen stove grates<\/a><\/li><li><a href=\"https:\/\/avaxplus.com\/tr\/tag\/durable-cast-iron-grates\/\" rel=\"tag\">durable cast iron grates<\/a><\/li><li><a href=\"https:\/\/avaxplus.com\/tr\/tag\/heat-resistant-grates\/\" rel=\"tag\">heat-resistant grates<\/a><\/li><li><a href=\"https:\/\/avaxplus.com\/tr\/tag\/heavy-duty-cast-iron-grates\/\" rel=\"tag\">heavy-duty cast iron grates<\/a><\/li><li><a href=\"https:\/\/avaxplus.com\/tr\/tag\/industrial-stove-accessories\/\" rel=\"tag\">industrial stove accessories.<\/a><\/li><li><a href=\"https:\/\/avaxplus.com\/tr\/tag\/ndustrial-gas-stove\/\" rel=\"tag\">ndustrial gas stove<\/a><\/li><li><a href=\"https:\/\/avaxplus.com\/tr\/tag\/pan-supports\/\" rel=\"tag\">pan supports<\/a><\/li><\/ul><a class=\"raven-post-image raven-image-fit\" href=\"https:\/\/avaxplus.com\/tr\/2025\/02\/23\/cast-iron-stove-grates-2\/\"> <img decoding=\"async\" width=\"1024\" height=\"585\" src=\"https:\/\/avaxplus.com\/wp-content\/uploads\/2025\/02\/image-1024x585.webp\" class=\"attachment-large size-large wp-image-3271\" alt=\"\" srcset=\"https:\/\/avaxplus.com\/wp-content\/uploads\/2025\/02\/image-1024x585.webp 1024w, https:\/\/avaxplus.com\/wp-content\/uploads\/2025\/02\/image-300x171.webp 300w, https:\/\/avaxplus.com\/wp-content\/uploads\/2025\/02\/image-768x439.webp 768w, https:\/\/avaxplus.com\/wp-content\/uploads\/2025\/02\/image-1536x878.webp 1536w, https:\/\/avaxplus.com\/wp-content\/uploads\/2025\/02\/image-18x10.webp 18w, https:\/\/avaxplus.com\/wp-content\/uploads\/2025\/02\/image-1320x754.webp 1320w, https:\/\/avaxplus.com\/wp-content\/uploads\/2025\/02\/image-600x343.webp 600w, https:\/\/avaxplus.com\/wp-content\/uploads\/2025\/02\/image.webp 1792w\" sizes=\"(max-width: 1024px) 100vw, 1024px\" \/><span class=\"raven-post-image-overlay\"><\/span><\/a><\/div><div class=\"raven-post-content\"><div class=\"raven-post-meta\"><a class=\"raven-post-meta-item raven-post-date\" href=\"https:\/\/avaxplus.com\/tr\/2025\/02\/\" rel=\"bookmark\">\u015eubat 23, 2025<\/a><\/div><h3 class=\"raven-post-title\"><a class=\"raven-post-title-link\" href=\"https:\/\/avaxplus.com\/tr\/2025\/02\/23\/cast-iron-stove-grates-2\/\">Everything You Need to Know About Industrial Gas Stoves and Cast Iron Grates<\/a><\/h3><div class=\"raven-post-excerpt\">Discover why cast iron stove grates are essential for industrial gas stoves, their benefits, specifications, and how to maintain them.<\/div><div class=\"raven-post-author-spotlight\"><a href=\"https:\/\/avaxplus.com\/tr\/author\/avax\/\"><img decoding=\"async\" src=\"https:\/\/secure.gravatar.com\/avatar\/93d97eaeefce6844a4a34ef3cd51f21a1deca4934369d968cdb2350794a8c5dd?s=256&amp;d=mm&amp;r=g\" title=\"Avax\" alt=\"Avax\">By Avax<\/a><\/div><\/div><\/div><\/div><\/div><div class=\"raven-posts-item raven-grid-item\"><div class=\"raven-post-wrapper\"><div class=\"raven-post\"><div class=\"raven-post-image-wrap\"><ul class=\"raven-post-meta-item raven-post-tags\"><li><a href=\"https:\/\/avaxplus.com\/tr\/tag\/6\/\" rel=\"tag\">6.<\/a><\/li><li><a href=\"https:\/\/avaxplus.com\/tr\/tag\/7\/\" rel=\"tag\">7.<\/a><\/li><li><a href=\"https:\/\/avaxplus.com\/tr\/tag\/dayanikli-dokum-izgaralar\/\" rel=\"tag\">Dayan\u0131kl\u0131 d\u00f6k\u00fcm \u0131zgaralar<\/a><\/li><li><a href=\"https:\/\/avaxplus.com\/tr\/tag\/endustriyel-mutfak-ekipmanlari\/\" rel=\"tag\">End\u00fcstriyel mutfak ekipmanlar\u0131<\/a><\/li><li><a href=\"https:\/\/avaxplus.com\/tr\/tag\/endustriyel-ocak-dokum-izgaralar\/\" rel=\"tag\">End\u00fcstriyel ocak d\u00f6k\u00fcm \u0131zgaralar<\/a><\/li><li><a href=\"https:\/\/avaxplus.com\/tr\/tag\/enerji-tasarruflu-ocaklar\/\" rel=\"tag\">Enerji tasarruflu ocaklar<\/a><\/li><li><a href=\"https:\/\/avaxplus.com\/tr\/tag\/isi-dagilimi-izgaralar\/\" rel=\"tag\">Is\u0131 da\u011f\u0131l\u0131m\u0131 \u0131zgaralar<\/a><\/li><li><a href=\"https:\/\/avaxplus.com\/tr\/tag\/profesyonel-mutfak-dokum-urunleri\/\" rel=\"tag\">Profesyonel mutfak d\u00f6k\u00fcm \u00fcr\u00fcnleri<\/a><\/li><\/ul><a class=\"raven-post-image raven-image-fit\" href=\"https:\/\/avaxplus.com\/tr\/2025\/01\/27\/endustriyel-ocak-dokum-izgaralar\/\"> <img loading=\"lazy\" decoding=\"async\" width=\"1024\" height=\"854\" src=\"https:\/\/avaxplus.com\/wp-content\/uploads\/2025\/01\/71xHTFMj64L-1024x854.jpg\" class=\"attachment-large size-large wp-image-3197\" alt=\"\" srcset=\"https:\/\/avaxplus.com\/wp-content\/uploads\/2025\/01\/71xHTFMj64L-1024x854.jpg 1024w, https:\/\/avaxplus.com\/wp-content\/uploads\/2025\/01\/71xHTFMj64L-300x250.jpg 300w, https:\/\/avaxplus.com\/wp-content\/uploads\/2025\/01\/71xHTFMj64L-768x641.jpg 768w, https:\/\/avaxplus.com\/wp-content\/uploads\/2025\/01\/71xHTFMj64L-1536x1282.jpg 1536w, https:\/\/avaxplus.com\/wp-content\/uploads\/2025\/01\/71xHTFMj64L-14x12.jpg 14w, https:\/\/avaxplus.com\/wp-content\/uploads\/2025\/01\/71xHTFMj64L-1320x1101.jpg 1320w, https:\/\/avaxplus.com\/wp-content\/uploads\/2025\/01\/71xHTFMj64L-600x501.jpg 600w, https:\/\/avaxplus.com\/wp-content\/uploads\/2025\/01\/71xHTFMj64L.jpg 1600w\" sizes=\"(max-width: 1024px) 100vw, 1024px\" \/><span class=\"raven-post-image-overlay\"><\/span><\/a><\/div><div class=\"raven-post-content\"><div class=\"raven-post-meta\"><a class=\"raven-post-meta-item raven-post-date\" href=\"https:\/\/avaxplus.com\/tr\/2025\/01\/\" rel=\"bookmark\">Ocak 27, 2025<\/a><\/div><h3 class=\"raven-post-title\"><a class=\"raven-post-title-link\" href=\"https:\/\/avaxplus.com\/tr\/2025\/01\/27\/endustriyel-ocak-dokum-izgaralar\/\">End\u00fcstriyel Ocaklar i\u00e7in D\u00f6k\u00fcm Izgaralar<\/a><\/h3><div class=\"raven-post-excerpt\">End\u00fcstriyel Ocak D\u00f6k\u00fcm Izgaralar , y\u00fcksek dayan\u0131kl\u0131l\u0131k ve enerji verimlili\u011fi sa\u011flar. D\u00f6k\u00fcm \u0131zgaralar\u0131n avantajlar\u0131n\u0131 ve kullan\u0131m alanlar\u0131n\u0131 ke\u015ffedin!<\/div><div class=\"raven-post-author-spotlight\"><a href=\"https:\/\/avaxplus.com\/tr\/author\/avax\/\"><img decoding=\"async\" src=\"https:\/\/secure.gravatar.com\/avatar\/93d97eaeefce6844a4a34ef3cd51f21a1deca4934369d968cdb2350794a8c5dd?s=256&amp;d=mm&amp;r=g\" title=\"Avax\" alt=\"Avax\">By Avax<\/a><\/div><\/div><\/div><\/div><\/div><div class=\"raven-posts-item raven-grid-item\"><div class=\"raven-post-wrapper\"><div class=\"raven-post\"><div class=\"raven-post-image-wrap\"><ul class=\"raven-post-meta-item raven-post-tags\"><li><a href=\"https:\/\/avaxplus.com\/tr\/tag\/durable-glass-for-factories\/\" rel=\"tag\">durable glass for factories<\/a><\/li><li><a href=\"https:\/\/avaxplus.com\/tr\/tag\/industrial-tempered-glass\/\" rel=\"tag\">Industrial tempered glass<\/a><\/li><li><a href=\"https:\/\/avaxplus.com\/tr\/tag\/safety-glass\/\" rel=\"tag\">safety glass<\/a><\/li><\/ul><a class=\"raven-post-image raven-image-fit\" href=\"https:\/\/avaxplus.com\/tr\/2025\/01\/02\/tempered-glass-in-industrial-safety\/\"> <img loading=\"lazy\" decoding=\"async\" width=\"809\" height=\"540\" src=\"https:\/\/avaxplus.com\/wp-content\/uploads\/2024\/12\/5fae043f-8bb9-47bf-a670-1d621a448ff2-copy.jpg\" class=\"attachment-large size-large wp-image-2299\" alt=\"\" srcset=\"https:\/\/avaxplus.com\/wp-content\/uploads\/2024\/12\/5fae043f-8bb9-47bf-a670-1d621a448ff2-copy.jpg 809w, https:\/\/avaxplus.com\/wp-content\/uploads\/2024\/12\/5fae043f-8bb9-47bf-a670-1d621a448ff2-copy-300x200.jpg 300w, https:\/\/avaxplus.com\/wp-content\/uploads\/2024\/12\/5fae043f-8bb9-47bf-a670-1d621a448ff2-copy-768x513.jpg 768w, https:\/\/avaxplus.com\/wp-content\/uploads\/2024\/12\/5fae043f-8bb9-47bf-a670-1d621a448ff2-copy-18x12.jpg 18w, https:\/\/avaxplus.com\/wp-content\/uploads\/2024\/12\/5fae043f-8bb9-47bf-a670-1d621a448ff2-copy-600x400.jpg 600w\" sizes=\"(max-width: 809px) 100vw, 809px\" \/><span class=\"raven-post-image-overlay\"><\/span><\/a><\/div><div class=\"raven-post-content\"><div class=\"raven-post-meta\"><a class=\"raven-post-meta-item raven-post-date\" href=\"https:\/\/avaxplus.com\/tr\/2025\/01\/\" rel=\"bookmark\">Ocak 2, 2025<\/a><\/div><h3 class=\"raven-post-title\"><a class=\"raven-post-title-link\" href=\"https:\/\/avaxplus.com\/tr\/2025\/01\/02\/tempered-glass-in-industrial-safety\/\">How Tempered Glass Improves Safety in Industrial Settings<\/a><\/h3><div class=\"raven-post-excerpt\">Learn how Tempered Glass in Industrial Safety environments to improve safety. Discover its strength, durability, and break-resistant properties.<\/div><div class=\"raven-post-author-spotlight\"><a href=\"https:\/\/avaxplus.com\/tr\/author\/avax\/\"><img decoding=\"async\" src=\"https:\/\/secure.gravatar.com\/avatar\/93d97eaeefce6844a4a34ef3cd51f21a1deca4934369d968cdb2350794a8c5dd?s=256&amp;d=mm&amp;r=g\" title=\"Avax\" alt=\"Avax\">By Avax<\/a><\/div><\/div><\/div><\/div><\/div><div class=\"raven-posts-item raven-grid-item\"><div class=\"raven-post-wrapper\"><div class=\"raven-post\"><div class=\"raven-post-image-wrap\"><ul class=\"raven-post-meta-item raven-post-tags\"><li><a href=\"https:\/\/avaxplus.com\/tr\/tag\/durable-glass-for-ovens\/\" rel=\"tag\">durable glass for ovens<\/a><\/li><li><a href=\"https:\/\/avaxplus.com\/tr\/tag\/heat-resistant-glass\/\" rel=\"tag\">heat-resistant glass<\/a><\/li><li><a href=\"https:\/\/avaxplus.com\/tr\/tag\/kitchen-glass-panels\/\" rel=\"tag\">kitchen glass panels<\/a><\/li><li><a href=\"https:\/\/avaxplus.com\/tr\/tag\/tempered-glass\/\" rel=\"tag\">Tempered glass<\/a><\/li><li><a href=\"https:\/\/avaxplus.com\/tr\/tag\/tempered-glass-cooktops\/\" rel=\"tag\">tempered glass cooktops<\/a><\/li><li><a href=\"https:\/\/avaxplus.com\/tr\/tag\/tempered-glass-for-appliances\/\" rel=\"tag\">tempered glass for appliances<\/a><\/li><li><a href=\"https:\/\/avaxplus.com\/tr\/tag\/tempered-glass-in-kitchen-design\/\" rel=\"tag\">tempered glass in kitchen design<\/a><\/li><\/ul><a class=\"raven-post-image raven-image-fit\" href=\"https:\/\/avaxplus.com\/tr\/2025\/01\/02\/tempered-glass-for-appliances\/\"> <img loading=\"lazy\" decoding=\"async\" width=\"1024\" height=\"769\" src=\"https:\/\/avaxplus.com\/wp-content\/uploads\/2024\/12\/1-1024x769.jpeg\" class=\"attachment-large size-large wp-image-2321\" alt=\"\" srcset=\"https:\/\/avaxplus.com\/wp-content\/uploads\/2024\/12\/1-1024x769.jpeg 1024w, https:\/\/avaxplus.com\/wp-content\/uploads\/2024\/12\/1-300x225.jpeg 300w, https:\/\/avaxplus.com\/wp-content\/uploads\/2024\/12\/1-768x577.jpeg 768w, https:\/\/avaxplus.com\/wp-content\/uploads\/2024\/12\/1-1536x1153.jpeg 1536w, https:\/\/avaxplus.com\/wp-content\/uploads\/2024\/12\/1-2048x1538.jpeg 2048w, https:\/\/avaxplus.com\/wp-content\/uploads\/2024\/12\/1-16x12.jpeg 16w, https:\/\/avaxplus.com\/wp-content\/uploads\/2024\/12\/1-1320x991.jpeg 1320w, https:\/\/avaxplus.com\/wp-content\/uploads\/2024\/12\/1-600x450.jpeg 600w\" sizes=\"(max-width: 1024px) 100vw, 1024px\" \/><span class=\"raven-post-image-overlay\"><\/span><\/a><\/div><div class=\"raven-post-content\"><div class=\"raven-post-meta\"><a class=\"raven-post-meta-item raven-post-date\" href=\"https:\/\/avaxplus.com\/tr\/2025\/01\/\" rel=\"bookmark\">Ocak 2, 2025<\/a><\/div><h3 class=\"raven-post-title\"><a class=\"raven-post-title-link\" href=\"https:\/\/avaxplus.com\/tr\/2025\/01\/02\/tempered-glass-for-appliances\/\">The Benefits of Using Tempered Glass in Modern Appliances<\/a><\/h3><div class=\"raven-post-excerpt\">Discover the advantages of tempered glass for kitchen appliances. Learn why its strength, durability, and safety make it a top choice for ovens and cooktops. Focus Keyphrase: Tempered Glass for Appliances<\/div><div class=\"raven-post-author-spotlight\"><a href=\"https:\/\/avaxplus.com\/tr\/author\/avax\/\"><img decoding=\"async\" src=\"https:\/\/secure.gravatar.com\/avatar\/93d97eaeefce6844a4a34ef3cd51f21a1deca4934369d968cdb2350794a8c5dd?s=256&amp;d=mm&amp;r=g\" title=\"Avax\" alt=\"Avax\">By Avax<\/a><\/div><\/div><\/div><\/div><\/div>\t\t\t<\/div>\r\n\t\t\t<span class=\"raven-posts-preloader\"><\/span><div class=\"raven-pagination\" data-settings=\"{&quot;posts_per_page&quot;:6,&quot;total_pages&quot;:4,&quot;pages_visible&quot;:7}\"><div class=\"raven-pagination-items\"><a class=\"raven-pagination-prev raven-pagination-item raven-pagination-disabled\" href=\"#\">&laquo; Prev<\/a><a class=\"raven-pagination-num raven-pagination-item raven-pagination-active\" href=\"#\" data-page-num=\"1\">1<\/a><a class=\"raven-pagination-num raven-pagination-item\" href=\"#\" data-page-num=\"2\">2<\/a><a class=\"raven-pagination-num raven-pagination-item\" href=\"#\" data-page-num=\"3\">3<\/a><a class=\"raven-pagination-num raven-pagination-item\" href=\"#\" data-page-num=\"4\">4<\/a><a class=\"raven-pagination-next raven-pagination-item\" href=\"#\">Next &raquo;<\/a><\/div><\/div>\t\t<\/div>\r\n\t\t\t\t<\/div>\n\t\t\t\t<\/div>\n\t\t\t\t\t<\/div>\n\t\t\t\t<\/div>\n\t\t\t\t<\/div>","protected":false},"excerpt":{"rendered":"<p>BLOG Stay Informed with the Latest Industry Insights and Innovations Explore expert articles, news, and updates on the latest trends in industrial packaging, stretch films, and plastic products. Avax Plus export solutions Comprehensive logistics management Export management company (EMC) Export risk management Global export management Import\/export consulting International business growth International trade services Supplier relationships [&hellip;]<\/p>","protected":false},"author":1,"featured_media":0,"parent":0,"menu_order":0,"comment_status":"closed","ping_status":"closed","template":"","meta":{"_acf_changed":false,"_monsterinsights_skip_tracking":false,"_monsterinsights_sitenote_active":false,"_monsterinsights_sitenote_note":"","_monsterinsights_sitenote_category":0,"_uf_show_specific_survey":0,"_uf_disable_surveys":false,"footnotes":""},"class_list":["post-18","page","type-page","status-publish","hentry"],"acf":[],"aioseo_notices":[],"jetpack_sharing_enabled":true,"_links":{"self":[{"href":"https:\/\/avaxplus.com\/tr\/wp-json\/wp\/v2\/pages\/18","targetHints":{"allow":["GET"]}}],"collection":[{"href":"https:\/\/avaxplus.com\/tr\/wp-json\/wp\/v2\/pages"}],"about":[{"href":"https:\/\/avaxplus.com\/tr\/wp-json\/wp\/v2\/types\/page"}],"author":[{"embeddable":true,"href":"https:\/\/avaxplus.com\/tr\/wp-json\/wp\/v2\/users\/1"}],"replies":[{"embeddable":true,"href":"https:\/\/avaxplus.com\/tr\/wp-json\/wp\/v2\/comments?post=18"}],"version-history":[{"count":20,"href":"https:\/\/avaxplus.com\/tr\/wp-json\/wp\/v2\/pages\/18\/revisions"}],"predecessor-version":[{"id":2676,"href":"https:\/\/avaxplus.com\/tr\/wp-json\/wp\/v2\/pages\/18\/revisions\/2676"}],"wp:attachment":[{"href":"https:\/\/avaxplus.com\/tr\/wp-json\/wp\/v2\/media?parent=18"}],"curies":[{"name":"wp","href":"https:\/\/api.w.org\/{rel}","templated":true}]}}