{"id":1161,"date":"2024-10-13T16:02:12","date_gmt":"2024-10-13T13:02:12","guid":{"rendered":"https:\/\/avaxplus.com\/?page_id=1161"},"modified":"2025-12-30T14:50:45","modified_gmt":"2025-12-30T11:50:45","slug":"high-quality-stretch-films-cast-iron-grates","status":"publish","type":"page","link":"https:\/\/avaxplus.com\/tr\/high-quality-stretch-films-cast-iron-grates\/","title":{"rendered":"\u00dcr\u00fcnler"},"content":{"rendered":"<div data-elementor-type=\"wp-page\" data-elementor-id=\"1161\" class=\"elementor elementor-1161\">\n\t\t\t\t<div class=\"elementor-element elementor-element-bc46903 e-flex e-con-boxed e-con e-parent\" data-id=\"bc46903\" data-element_type=\"container\">\n\t\t\t\t\t<div class=\"e-con-inner\">\n\t\t<div class=\"elementor-element elementor-element-5efc4bc e-con-full e-flex e-con e-child\" data-id=\"5efc4bc\" data-element_type=\"container\">\n\t\t\t\t<\/div>\n\t\t<div class=\"elementor-element elementor-element-0a1b65f e-con-full e-flex e-con e-child\" data-id=\"0a1b65f\" data-element_type=\"container\">\n\t\t\t\t<div class=\"elementor-element elementor-element-67cfd56 elementor-align-center elementor-widget elementor-widget-raven-heading\" data-id=\"67cfd56\" data-element_type=\"widget\" data-widget_type=\"raven-heading.default\">\n\t\t\t\t<div class=\"elementor-widget-container\">\n\t\t\t\t\t<div class=\"raven-widget-wrapper\"><h2 class=\"raven-heading raven-heading-h2\"><span class=\"raven-heading-title\">\u00dcR\u00dcNLER<\/span><\/h2><\/div>\r\n\t\t\t\t<\/div>\n\t\t\t\t<\/div>\n\t\t\t\t<div class=\"elementor-element elementor-element-4ac790e elementor-widget elementor-widget-text-editor\" data-id=\"4ac790e\" data-element_type=\"widget\" data-widget_type=\"text-editor.default\">\n\t\t\t\t<div class=\"elementor-widget-container\">\n\t\t\t\t\t\t\t<p>\u00dcr\u00fcnler, m\u00fc\u015fterilerin ihtiya\u00e7lar\u0131na ve sipari\u015flerine uygun olarak boyutlarda (kal\u0131nl\u0131k ve uzunluk), a\u011f\u0131rl\u0131kta ve ambalajda \u00fcretilebilme kapasitesine sahiptir.<\/p>\t\t\t\t\t\t<\/div>\n\t\t\t\t<\/div>\n\t\t\t\t<\/div>\n\t\t<div class=\"elementor-element elementor-element-2860f70 e-con-full e-flex e-con e-child\" data-id=\"2860f70\" data-element_type=\"container\">\n\t\t\t\t<\/div>\n\t\t\t\t\t<\/div>\n\t\t\t\t<\/div>\n\t\t<div class=\"elementor-element elementor-element-31aefac e-flex e-con-boxed e-con e-parent\" data-id=\"31aefac\" data-element_type=\"container\">\n\t\t\t\t\t<div class=\"e-con-inner\">\n\t\t<div data-raven-element-link=\"{&quot;url&quot;:&quot;https:\\\/\\\/avaxplus.com\\\/agricultural-implements-export\\\/&quot;,&quot;is_external&quot;:&quot;&quot;,&quot;nofollow&quot;:&quot;&quot;,&quot;custom_attributes&quot;:&quot;&quot;}\" style=\"cursor: pointer\" class=\"elementor-element elementor-element-b0afe39 e-con-full e-flex e-con e-child\" data-id=\"b0afe39\" data-element_type=\"container\" data-settings=\"{&quot;background_background&quot;:&quot;classic&quot;}\">\n\t\t\t\t<div class=\"elementor-element elementor-element-2c6a820 elementor-widget elementor-widget-heading\" data-id=\"2c6a820\" data-element_type=\"widget\" data-widget_type=\"heading.default\">\n\t\t\t\t<div class=\"elementor-widget-container\">\n\t\t\t<h2 class=\"elementor-heading-title elementor-size-default\"><a href=\"https:\/\/avaxplus.com\/tr\/agricultural-implements-export\/\">Agricultural Implements<\/a><\/h2>\t\t<\/div>\n\t\t\t\t<\/div>\n\t\t\t\t<\/div>\n\t\t<div data-raven-element-link=\"{&quot;url&quot;:&quot;https:\\\/\\\/avaxplus.com\\\/thermal-glass\\\/&quot;,&quot;is_external&quot;:&quot;&quot;,&quot;nofollow&quot;:&quot;&quot;,&quot;custom_attributes&quot;:&quot;&quot;}\" style=\"cursor: pointer\" class=\"elementor-element elementor-element-d4248fc e-con-full e-flex e-con e-child\" data-id=\"d4248fc\" data-element_type=\"container\" data-settings=\"{&quot;background_background&quot;:&quot;classic&quot;}\">\n\t\t\t\t<div class=\"elementor-element elementor-element-a93f5bb elementor-widget elementor-widget-heading\" data-id=\"a93f5bb\" data-element_type=\"widget\" data-widget_type=\"heading.default\">\n\t\t\t\t<div class=\"elementor-widget-container\">\n\t\t\t<h2 class=\"elementor-heading-title elementor-size-default\"><a href=\"https:\/\/avaxplus.com\/tr\/thermal-glass\/\">TERMAL CAM<\/a><\/h2>\t\t<\/div>\n\t\t\t\t<\/div>\n\t\t\t\t<\/div>\n\t\t<div data-raven-element-link=\"{&quot;url&quot;:&quot;https:\\\/\\\/avaxplus.com\\\/stretch-films\\\/&quot;,&quot;is_external&quot;:&quot;&quot;,&quot;nofollow&quot;:&quot;&quot;,&quot;custom_attributes&quot;:&quot;&quot;}\" style=\"cursor: pointer\" class=\"elementor-element elementor-element-9f3009e e-con-full e-flex e-con e-child\" data-id=\"9f3009e\" data-element_type=\"container\" data-settings=\"{&quot;background_background&quot;:&quot;classic&quot;}\">\n\t\t\t\t<div class=\"elementor-element elementor-element-a71d1b7 elementor-widget elementor-widget-heading\" data-id=\"a71d1b7\" data-element_type=\"widget\" data-widget_type=\"heading.default\">\n\t\t\t\t<div class=\"elementor-widget-container\">\n\t\t\t<h2 class=\"elementor-heading-title elementor-size-default\"><a href=\"https:\/\/avaxplus.com\/tr\/stretch-films\/\">STRE\u00c7 F\u0130LMLER<\/a><\/h2>\t\t<\/div>\n\t\t\t\t<\/div>\n\t\t\t\t<\/div>\n\t\t<div data-raven-element-link=\"{&quot;url&quot;:&quot;https:\\\/\\\/avaxplus.com\\\/steel-plates-st37-st52\\\/&quot;,&quot;is_external&quot;:&quot;&quot;,&quot;nofollow&quot;:&quot;&quot;,&quot;custom_attributes&quot;:&quot;&quot;}\" style=\"cursor: pointer\" class=\"elementor-element elementor-element-93638b9 e-con-full e-flex e-con e-child\" data-id=\"93638b9\" data-element_type=\"container\" data-settings=\"{&quot;background_background&quot;:&quot;classic&quot;}\">\n\t\t\t\t<div class=\"elementor-element elementor-element-c1a64eb elementor-widget elementor-widget-heading\" data-id=\"c1a64eb\" data-element_type=\"widget\" data-widget_type=\"heading.default\">\n\t\t\t\t<div class=\"elementor-widget-container\">\n\t\t\t<h2 class=\"elementor-heading-title elementor-size-default\"><a href=\"https:\/\/avaxplus.com\/tr\/steel-plates-st37-st52\/\">KARBON \u00c7EL\u0130K LEVHALAR<\/a><\/h2>\t\t<\/div>\n\t\t\t\t<\/div>\n\t\t\t\t<\/div>\n\t\t\t\t\t<\/div>\n\t\t\t\t<\/div>\n\t\t<div class=\"elementor-element elementor-element-01d3f83 e-flex e-con-boxed e-con e-parent\" data-id=\"01d3f83\" data-element_type=\"container\">\n\t\t\t\t\t<div class=\"e-con-inner\">\n\t\t<div class=\"elementor-element elementor-element-0f7a7fd e-con-full e-flex e-con e-child\" data-id=\"0f7a7fd\" data-element_type=\"container\">\n\t\t\t\t<\/div>\n\t\t<div class=\"elementor-element elementor-element-77c8ed8 e-con-full e-flex e-con e-child\" data-id=\"77c8ed8\" data-element_type=\"container\">\n\t\t\t\t<div class=\"elementor-element elementor-element-ce87130 elementor-align-center elementor-widget elementor-widget-raven-heading\" data-id=\"ce87130\" data-element_type=\"widget\" data-widget_type=\"raven-heading.default\">\n\t\t\t\t<div class=\"elementor-widget-container\">\n\t\t\t\t\t<div class=\"raven-widget-wrapper\"><h2 class=\"raven-heading raven-heading-h2\"><span class=\"raven-heading-title\">KATALOGLAR<\/span><\/h2><\/div>\r\n\t\t\t\t<\/div>\n\t\t\t\t<\/div>\n\t\t\t\t<div class=\"elementor-element elementor-element-f1b7917 elementor-widget elementor-widget-text-editor\" data-id=\"f1b7917\" data-element_type=\"widget\" data-widget_type=\"text-editor.default\">\n\t\t\t\t<div class=\"elementor-widget-container\">\n\t\t\t\t\t\t\t<p>\u00dcr\u00fcn kataloglar\u0131m\u0131z\u0131 inceleyerek detayl\u0131 bilgi ve teknik \u00f6zelliklere ula\u015fabilirsiniz. Y\u00fcklemek ve y\u00fcksek kaliteli \u00fcr\u00fcnlerimizin tamam\u0131n\u0131 ke\u015ffetmek i\u00e7in a\u015fa\u011f\u0131ya t\u0131klay\u0131n.<\/p>\t\t\t\t\t\t<\/div>\n\t\t\t\t<\/div>\n\t\t\t\t<\/div>\n\t\t<div class=\"elementor-element elementor-element-8e2529d e-con-full e-flex e-con e-child\" data-id=\"8e2529d\" data-element_type=\"container\">\n\t\t\t\t<\/div>\n\t\t\t\t\t<\/div>\n\t\t\t\t<\/div>\n\t\t<div class=\"elementor-element elementor-element-4d3cd5f e-flex e-con-boxed e-con e-parent\" data-id=\"4d3cd5f\" data-element_type=\"container\">\n\t\t\t\t\t<div class=\"e-con-inner\">\n\t\t<div class=\"elementor-element elementor-element-8116ef1 e-con-full e-flex e-con e-child\" data-id=\"8116ef1\" data-element_type=\"container\">\n\t\t\t\t<\/div>\n\t\t<div class=\"elementor-element elementor-element-c282941 e-con-full e-flex e-con e-child\" data-id=\"c282941\" data-element_type=\"container\">\n\t\t\t\t<div class=\"elementor-element elementor-element-ad74460 elementor-align-left elementor-widget elementor-widget-raven-button\" data-id=\"ad74460\" data-element_type=\"widget\" data-settings=\"{&quot;turn_to_popup_action_button&quot;:&quot;no&quot;}\" data-widget_type=\"raven-button.default\">\n\t\t\t\t<div class=\"elementor-widget-container\">\n\t\t\t\t\t<div class=\"raven-widget-wrapper\">\r\n\t\t\t<a class=\"raven-button raven-button-widget-normal-effect-none  raven-button-text-align-left raven-button-link elementor-animation-none\" href=\"https:\/\/avaxplus.com\/wp-content\/uploads\/2024\/09\/Avax-Plus-Company-Profile.pdf\">\t\t\t\t<div class=\"raven-button-overlay\" ><\/div>\r\n\t\t\t\t<span class=\"raven-button-content\">\r\n\t\t\t\t\t\r\n\t\t\t\t\t<div class=\"button-text-container\">\r\n\t\t\t\t\t\t\t\t\t<span class=\"raven-button-icon raven-button-icon-position-left\">\r\n\t\t\t\t<svg aria-hidden=\"true\" class=\"e-font-icon-svg e-fas-download\" viewbox=\"0 0 512 512\" xmlns=\"http:\/\/www.w3.org\/2000\/svg\"><path d=\"M216 0h80c13.3 0 24 10.7 24 24v168h87.7c17.8 0 26.7 21.5 14.1 34.1L269.7 378.3c-7.5 7.5-19.8 7.5-27.3 0L90.1 226.1c-12.6-12.6-3.7-34.1 14.1-34.1H192V24c0-13.3 10.7-24 24-24zm296 376v112c0 13.3-10.7 24-24 24H24c-13.3 0-24-10.7-24-24V376c0-13.3 10.7-24 24-24h146.7l49 49c20.1 20.1 52.5 20.1 72.6 0l49-49H488c13.3 0 24 10.7 24 24zm-124 88c0-11-9-20-20-20s-20 9-20 20 9 20 20 20 20-9 20-20zm64 0c0-11-9-20-20-20s-20 9-20 20 9 20 20 20 20-9 20-20z\"><\/path><\/svg>\t\t\t<\/span>\r\n\t\t\t\t\t\t\t\t<div class=\"raven-button-texts-wrapper\">\r\n\t\t\t\t\t\t\t<div class=\"button-text\">\r\n\t\t\t\t\t\t\t\t<span class=\"raven-button-text\">\r\n\t\t\t\t\t\t\t\t\t\u015e\u0130RKET PROF\u0130L\u0130\t\t\t\t\t\t\t\t<\/span>\r\n\t\t\t\t\t\t\t<\/div>\r\n\t\t\t\t\t\t\t\t\t\t\t\t\t<\/div>\r\n\t\t\t\t\t\t\t\t\t\t\t<\/div>\r\n\t\t\t\t\t\r\n\t\t\t\t\t\t\t\t\t<\/span>\r\n\t\t\t<\/a>\t\t<\/div>\r\n\t\t\t\t<\/div>\n\t\t\t\t<\/div>\n\t\t\t\t<div class=\"elementor-element elementor-element-590f6ac elementor-align-left elementor-widget elementor-widget-raven-button\" data-id=\"590f6ac\" data-element_type=\"widget\" data-settings=\"{&quot;turn_to_popup_action_button&quot;:&quot;no&quot;}\" data-widget_type=\"raven-button.default\">\n\t\t\t\t<div class=\"elementor-widget-container\">\n\t\t\t\t\t<div class=\"raven-widget-wrapper\">\r\n\t\t\t<a class=\"raven-button raven-button-widget-normal-effect-none  raven-button-text-align-left raven-button-link elementor-animation-none\" href=\"https:\/\/avaxplus.com\/wp-content\/uploads\/2024\/09\/Plastic-Stretch-Shrink-ENG.pdf\">\t\t\t\t<div class=\"raven-button-overlay\" ><\/div>\r\n\t\t\t\t<span class=\"raven-button-content\">\r\n\t\t\t\t\t\r\n\t\t\t\t\t<div class=\"button-text-container\">\r\n\t\t\t\t\t\t\t\t\t<span class=\"raven-button-icon raven-button-icon-position-left\">\r\n\t\t\t\t<svg aria-hidden=\"true\" class=\"e-font-icon-svg e-fas-download\" viewbox=\"0 0 512 512\" xmlns=\"http:\/\/www.w3.org\/2000\/svg\"><path d=\"M216 0h80c13.3 0 24 10.7 24 24v168h87.7c17.8 0 26.7 21.5 14.1 34.1L269.7 378.3c-7.5 7.5-19.8 7.5-27.3 0L90.1 226.1c-12.6-12.6-3.7-34.1 14.1-34.1H192V24c0-13.3 10.7-24 24-24zm296 376v112c0 13.3-10.7 24-24 24H24c-13.3 0-24-10.7-24-24V376c0-13.3 10.7-24 24-24h146.7l49 49c20.1 20.1 52.5 20.1 72.6 0l49-49H488c13.3 0 24 10.7 24 24zm-124 88c0-11-9-20-20-20s-20 9-20 20 9 20 20 20 20-9 20-20zm64 0c0-11-9-20-20-20s-20 9-20 20 9 20 20 20 20-9 20-20z\"><\/path><\/svg>\t\t\t<\/span>\r\n\t\t\t\t\t\t\t\t<div class=\"raven-button-texts-wrapper\">\r\n\t\t\t\t\t\t\t<div class=\"button-text\">\r\n\t\t\t\t\t\t\t\t<span class=\"raven-button-text\">\r\n\t\t\t\t\t\t\t\t\tSTRE\u00c7 F\u0130LMLER VE PLAST\u0130K TORBALAR\t\t\t\t\t\t\t\t<\/span>\r\n\t\t\t\t\t\t\t<\/div>\r\n\t\t\t\t\t\t\t\t\t\t\t\t\t<\/div>\r\n\t\t\t\t\t\t\t\t\t\t\t<\/div>\r\n\t\t\t\t\t\r\n\t\t\t\t\t\t\t\t\t<\/span>\r\n\t\t\t<\/a>\t\t<\/div>\r\n\t\t\t\t<\/div>\n\t\t\t\t<\/div>\n\t\t\t\t<div class=\"elementor-element elementor-element-47bd730 elementor-align-left elementor-widget elementor-widget-raven-button\" data-id=\"47bd730\" data-element_type=\"widget\" data-settings=\"{&quot;turn_to_popup_action_button&quot;:&quot;no&quot;}\" data-widget_type=\"raven-button.default\">\n\t\t\t\t<div class=\"elementor-widget-container\">\n\t\t\t\t\t<div class=\"raven-widget-wrapper\">\r\n\t\t\t<a class=\"raven-button raven-button-widget-normal-effect-none  raven-button-text-align-left raven-button-link elementor-animation-none\" href=\"https:\/\/avaxplus.com\/wp-content\/uploads\/2024\/12\/CAST-IRON-CATALOG.pdf\">\t\t\t\t<div class=\"raven-button-overlay\" ><\/div>\r\n\t\t\t\t<span class=\"raven-button-content\">\r\n\t\t\t\t\t\r\n\t\t\t\t\t<div class=\"button-text-container\">\r\n\t\t\t\t\t\t\t\t\t<span class=\"raven-button-icon raven-button-icon-position-left\">\r\n\t\t\t\t<svg aria-hidden=\"true\" class=\"e-font-icon-svg e-fas-download\" viewbox=\"0 0 512 512\" xmlns=\"http:\/\/www.w3.org\/2000\/svg\"><path d=\"M216 0h80c13.3 0 24 10.7 24 24v168h87.7c17.8 0 26.7 21.5 14.1 34.1L269.7 378.3c-7.5 7.5-19.8 7.5-27.3 0L90.1 226.1c-12.6-12.6-3.7-34.1 14.1-34.1H192V24c0-13.3 10.7-24 24-24zm296 376v112c0 13.3-10.7 24-24 24H24c-13.3 0-24-10.7-24-24V376c0-13.3 10.7-24 24-24h146.7l49 49c20.1 20.1 52.5 20.1 72.6 0l49-49H488c13.3 0 24 10.7 24 24zm-124 88c0-11-9-20-20-20s-20 9-20 20 9 20 20 20 20-9 20-20zm64 0c0-11-9-20-20-20s-20 9-20 20 9 20 20 20 20-9 20-20z\"><\/path><\/svg>\t\t\t<\/span>\r\n\t\t\t\t\t\t\t\t<div class=\"raven-button-texts-wrapper\">\r\n\t\t\t\t\t\t\t<div class=\"button-text\">\r\n\t\t\t\t\t\t\t\t<span class=\"raven-button-text\">\r\n\t\t\t\t\t\t\t\t\tD\u00d6KME DEM\u0130R OCAK IZGARALARI\t\t\t\t\t\t\t\t<\/span>\r\n\t\t\t\t\t\t\t<\/div>\r\n\t\t\t\t\t\t\t\t\t\t\t\t\t<\/div>\r\n\t\t\t\t\t\t\t\t\t\t\t<\/div>\r\n\t\t\t\t\t\r\n\t\t\t\t\t\t\t\t\t<\/span>\r\n\t\t\t<\/a>\t\t<\/div>\r\n\t\t\t\t<\/div>\n\t\t\t\t<\/div>\n\t\t\t\t<div class=\"elementor-element elementor-element-54bad52 elementor-align-left elementor-widget elementor-widget-raven-button\" data-id=\"54bad52\" data-element_type=\"widget\" data-settings=\"{&quot;turn_to_popup_action_button&quot;:&quot;no&quot;}\" data-widget_type=\"raven-button.default\">\n\t\t\t\t<div class=\"elementor-widget-container\">\n\t\t\t\t\t<div class=\"raven-widget-wrapper\">\r\n\t\t\t<a class=\"raven-button raven-button-widget-normal-effect-none  raven-button-text-align-left raven-button-link elementor-animation-none\" href=\"https:\/\/avaxplus.com\/wp-content\/uploads\/2024\/09\/Aloe-vera-English-c.pdf\">\t\t\t\t<div class=\"raven-button-overlay\" ><\/div>\r\n\t\t\t\t<span class=\"raven-button-content\">\r\n\t\t\t\t\t\r\n\t\t\t\t\t<div class=\"button-text-container\">\r\n\t\t\t\t\t\t\t\t\t<span class=\"raven-button-icon raven-button-icon-position-left\">\r\n\t\t\t\t<svg aria-hidden=\"true\" class=\"e-font-icon-svg e-fas-download\" viewbox=\"0 0 512 512\" xmlns=\"http:\/\/www.w3.org\/2000\/svg\"><path d=\"M216 0h80c13.3 0 24 10.7 24 24v168h87.7c17.8 0 26.7 21.5 14.1 34.1L269.7 378.3c-7.5 7.5-19.8 7.5-27.3 0L90.1 226.1c-12.6-12.6-3.7-34.1 14.1-34.1H192V24c0-13.3 10.7-24 24-24zm296 376v112c0 13.3-10.7 24-24 24H24c-13.3 0-24-10.7-24-24V376c0-13.3 10.7-24 24-24h146.7l49 49c20.1 20.1 52.5 20.1 72.6 0l49-49H488c13.3 0 24 10.7 24 24zm-124 88c0-11-9-20-20-20s-20 9-20 20 9 20 20 20 20-9 20-20zm64 0c0-11-9-20-20-20s-20 9-20 20 9 20 20 20 20-9 20-20z\"><\/path><\/svg>\t\t\t<\/span>\r\n\t\t\t\t\t\t\t\t<div class=\"raven-button-texts-wrapper\">\r\n\t\t\t\t\t\t\t<div class=\"button-text\">\r\n\t\t\t\t\t\t\t\t<span class=\"raven-button-text\">\r\n\t\t\t\t\t\t\t\t\tALOE VERA TOZU\t\t\t\t\t\t\t\t<\/span>\r\n\t\t\t\t\t\t\t<\/div>\r\n\t\t\t\t\t\t\t\t\t\t\t\t\t<\/div>\r\n\t\t\t\t\t\t\t\t\t\t\t<\/div>\r\n\t\t\t\t\t\r\n\t\t\t\t\t\t\t\t\t<\/span>\r\n\t\t\t<\/a>\t\t<\/div>\r\n\t\t\t\t<\/div>\n\t\t\t\t<\/div>\n\t\t\t\t<\/div>\n\t\t<div class=\"elementor-element elementor-element-198a3a9 e-con-full e-flex e-con e-child\" data-id=\"198a3a9\" data-element_type=\"container\">\n\t\t\t\t<\/div>\n\t\t\t\t\t<\/div>\n\t\t\t\t<\/div>\n\t\t\t\t<\/div>","protected":false},"excerpt":{"rendered":"<p>PRODUCTS The products have the capability to be produced in dimensions (thickness &amp; length), weight and packing suitable for the customer&#8217;s needs and orders. Agricultural Implements THERMAL GLASSES STRETCH FILMS CARBON STEEL SHEETS CATALOGS Browse through our product catalogs for detailed information and specifications. Click below to download and discover our full range of high-quality [&hellip;]<\/p>","protected":false},"author":1,"featured_media":1169,"parent":0,"menu_order":0,"comment_status":"closed","ping_status":"closed","template":"","meta":{"_acf_changed":false,"_monsterinsights_skip_tracking":false,"_monsterinsights_sitenote_active":false,"_monsterinsights_sitenote_note":"","_monsterinsights_sitenote_category":0,"_uf_show_specific_survey":0,"_uf_disable_surveys":false,"footnotes":""},"class_list":["post-1161","page","type-page","status-publish","has-post-thumbnail","hentry"],"acf":[],"aioseo_notices":[],"jetpack_sharing_enabled":true,"_links":{"self":[{"href":"https:\/\/avaxplus.com\/tr\/wp-json\/wp\/v2\/pages\/1161","targetHints":{"allow":["GET"]}}],"collection":[{"href":"https:\/\/avaxplus.com\/tr\/wp-json\/wp\/v2\/pages"}],"about":[{"href":"https:\/\/avaxplus.com\/tr\/wp-json\/wp\/v2\/types\/page"}],"author":[{"embeddable":true,"href":"https:\/\/avaxplus.com\/tr\/wp-json\/wp\/v2\/users\/1"}],"replies":[{"embeddable":true,"href":"https:\/\/avaxplus.com\/tr\/wp-json\/wp\/v2\/comments?post=1161"}],"version-history":[{"count":97,"href":"https:\/\/avaxplus.com\/tr\/wp-json\/wp\/v2\/pages\/1161\/revisions"}],"predecessor-version":[{"id":4031,"href":"https:\/\/avaxplus.com\/tr\/wp-json\/wp\/v2\/pages\/1161\/revisions\/4031"}],"wp:featuredmedia":[{"embeddable":true,"href":"https:\/\/avaxplus.com\/tr\/wp-json\/wp\/v2\/media\/1169"}],"wp:attachment":[{"href":"https:\/\/avaxplus.com\/tr\/wp-json\/wp\/v2\/media?parent=1161"}],"curies":[{"name":"wp","href":"https:\/\/api.w.org\/{rel}","templated":true}]}}